{"id":860,"date":"2023-06-30T22:38:26","date_gmt":"2023-06-30T22:38:26","guid":{"rendered":"https:\/\/mobdia.com\/?page_id=860"},"modified":"2023-06-30T22:38:26","modified_gmt":"2023-06-30T22:38:26","slug":"%e4%bd%bf%e7%94%a8%e6%a2%9d%e6%ac%be","status":"publish","type":"page","link":"https:\/\/mobdia.com\/zh\/%e4%bd%bf%e7%94%a8%e6%a2%9d%e6%ac%be\/","title":{"rendered":"\u4f7f\u7528\u689d\u6b3e"},"content":{"rendered":"<h3 class=\"wp-block-heading\" id=\"1-termos\">1. \u689d\u6b3e<\/h3>\n\n\n\n<p>\u9020\u8a2a\u7db2\u7ad9\u6642\u00a0<a href=\"https:\/\/mobdia.com\/\">\u9ed1\u5e6b\u65e5<\/a>\u540c\u610f\u9075\u5b88\u672c\u670d\u52d9\u689d\u6b3e\u53ca\u6240\u6709\u9069\u7528\u6cd5\u5f8b\u6cd5\u898f\uff0c\u4e26\u540c\u610f\u60a8\u6709\u8cac\u4efb\u9075\u5b88\u6240\u6709\u9069\u7528\u7684\u7576\u5730\u6cd5\u5f8b\u3002\u5982\u679c\u60a8\u4e0d\u540c\u610f\u672c\u689d\u6b3e\u4e2d\u7684\u4efb\u4f55\u4e00\u9805\uff0c\u60a8\u5c07\u88ab\u7981\u6b62\u4f7f\u7528\u6216\u9020\u8a2a\u672c\u7db2\u7ad9\u3002\u672c\u7db2\u7ad9\u6240\u542b\u8cc7\u6599\u53d7\u9069\u7528\u7684\u8457\u4f5c\u6b0a\u6cd5\u548c\u5546\u6a19\u6cd5\u4fdd\u8b77\u3002<\/p>\n\n\n\n<h3 class=\"wp-block-heading\" id=\"2-uso-de-licenca\">2.\u4f7f\u7528\u8a31\u53ef<\/h3>\n\n\n\n<p>\u5141\u8a31\u66ab\u6642\u4e0b\u8f09 Mob Dia \u7db2\u7ad9\u4e0a\u7684\u8cc7\u6599\uff08\u8cc7\u8a0a\u6216\u8edf\u9ad4\uff09\u7684\u526f\u672c\uff0c\u50c5\u4f9b\u500b\u4eba\u3001\u975e\u5546\u696d\u81e8\u6642\u6aa2\u8996\u3002\u9019\u662f\u6388\u4e88\u8a31\u53ef\uff0c\u800c\u975e\u6240\u6709\u6b0a\u7684\u8f49\u8b93\uff0c\u6839\u64da\u6b64\u8a31\u53ef\uff0c\u60a8\u4e0d\u5f97\uff1a\u00a0<\/p>\n\n\n\n<ol class=\"wp-block-list\">\n<li>\u4fee\u6539\u6216\u8907\u88fd\u6750\u6599\uff1b&nbsp;<\/li>\n\n\n\n<li>\u5c07\u6750\u6599\u7528\u65bc\u4efb\u4f55\u5546\u696d\u76ee\u7684\u6216\u4efb\u4f55\u516c\u958b\u5c55\u793a\uff08\u5546\u696d\u6216\u975e\u5546\u696d\uff09\uff1b&nbsp;<\/li>\n\n\n\n<li>\u8a66\u5716\u5c0d Mob dia \u7db2\u7ad9\u4e0a\u7684\u4efb\u4f55\u8edf\u9ad4\u9032\u884c\u53cd\u7de8\u8b6f\u6216\u53cd\u5411\u5de5\u7a0b\uff1b\u00a0<\/li>\n\n\n\n<li>\u5f9e\u8cc7\u6599\u4e2d\u522a\u9664\u4efb\u4f55\u7248\u6b0a\u6216\u5176\u4ed6\u6240\u6709\u6b0a\u6a19\u8a18\uff1b\u6216&nbsp;<\/li>\n\n\n\n<li>\u5c07\u6750\u6599\u8f49\u79fb\u7d66\u5176\u4ed6\u4eba\u6216\u5728\u4efb\u4f55\u5176\u4ed6\u4f3a\u670d\u5668\u4e0a\u201c\u93e1\u50cf\u201d\u6750\u6599\u3002<\/li>\n<\/ol>\n\n\n\n<p>\u5982\u679c\u60a8\u9055\u53cd\u4efb\u4f55\u9019\u4e9b\u9650\u5236\uff0c\u6b64\u8a31\u53ef\u5c07\u81ea\u52d5\u7d42\u6b62\uff0c\u4e26\u4e14 Mob Dia \u53ef\u96a8\u6642\u7d42\u6b62\u6b64\u8a31\u53ef\u3002\u4e00\u65e6\u7d42\u6b62\u60a8\u67e5\u770b\u9019\u4e9b\u8cc7\u6599\u6216\u7d42\u6b62\u672c\u8a31\u53ef\uff0c\u60a8\u5fc5\u9808\u92b7\u6bc0\u60a8\u6301\u6709\u7684\u6240\u6709\u5df2\u4e0b\u8f09\u8cc7\u6599\uff0c\u7121\u8ad6\u662f\u96fb\u5b50\u7248\u9084\u662f\u5370\u5237\u7248\u3002<\/p>\n\n\n\n<h3 class=\"wp-block-heading\" id=\"3-isencao-de-responsabilidade\">3. \u514d\u8cac\u8072\u660e<\/h3>\n\n\n\n<ol class=\"wp-block-list\">\n<li>Mob Dia \u7db2\u7ad9\u4e0a\u7684\u8cc7\u6599\u662f\u300c\u539f\u6a23\u300d\u63d0\u4f9b\u3002 Mob Dia \u4e0d\u4f5c\u4efb\u4f55\u660e\u793a\u6216\u6697\u793a\u7684\u4fdd\u8b49\uff0c\u4e26\u5728\u6b64\u8072\u660e\u4e26\u5426\u8a8d\u6240\u6709\u5176\u4ed6\u4fdd\u8b49\uff0c\u5305\u62ec\u4f46\u4e0d\u9650\u65bc\u9069\u92b7\u6027\u3001\u7279\u5b9a\u7528\u9014\u7684\u9069\u7528\u6027\u3001\u4e0d\u4fb5\u72af\u77e5\u8b58\u7522\u6b0a\u6216\u5176\u4ed6\u4fb5\u6b0a\u884c\u70ba\u7684\u6697\u793a\u4fdd\u8b49\u6216\u689d\u4ef6\u3002<\/li>\n\n\n\n<li>\u6b64\u5916\uff0cMob Dia \u4e0d\u4fdd\u8b49\u6216\u4e0d\u4f5c\u51fa\u4efb\u4f55\u6709\u95dc\u5176\u7db2\u7ad9\u4e0a\u8cc7\u6599\u7684\u4f7f\u7528\u6216\u8207\u6b64\u985e\u8cc7\u6599\u6216\u9023\u7d50\u81f3\u672c\u7db2\u7ad9\u7684\u4efb\u4f55\u7db2\u7ad9\u6709\u95dc\u7684\u6e96\u78ba\u6027\u3001\u53ef\u80fd\u7684\u7d50\u679c\u6216\u53ef\u9760\u6027\u7684\u9673\u8ff0\u3002<\/li>\n<\/ol>\n\n\n\n<h3 class=\"wp-block-heading\" id=\"4-limitacoes\">4. \u5c40\u9650\u6027<\/h3>\n\n\n\n<p>\u5728\u4efb\u4f55\u60c5\u6cc1\u4e0b\uff0cMob Dia \u6216\u5176\u4f9b\u61c9\u5546\u5747\u4e0d\u5c0d\u56e0\u4f7f\u7528\u6216\u7121\u6cd5\u4f7f\u7528 Mob Dia \u4e0a\u7684\u8cc7\u6599\u800c\u9020\u6210\u7684\u4efb\u4f55\u640d\u5bb3\uff08\u5305\u62ec\u4f46\u4e0d\u9650\u65bc\u6578\u64da\u6216\u5229\u6f64\u640d\u5931\u6216\u696d\u52d9\u4e2d\u65b7\u9020\u6210\u7684\u640d\u5bb3\uff09\u627f\u64d4\u8cac\u4efb\uff0c\u5373\u4f7f Mob Dia \u6216 Mob Dia \u6388\u6b0a\u4ee3\u8868\u5df2\u88ab\u53e3\u982d\u6216\u66f8\u9762\u901a\u77e5\u6b64\u985e\u640d\u5bb3\u7684\u53ef\u80fd\u6027\u3002\u7531\u65bc\u67d0\u4e9b\u53f8\u6cd5\u7ba1\u8f44\u5340\u4e0d\u5141\u8a31\u9650\u5236\u9ed8\u793a\u64d4\u4fdd\u6216\u9650\u5236\u5c0d\u9593\u63a5\u6216\u9644\u5e36\u640d\u5bb3\u7684\u8cac\u4efb\uff0c\u56e0\u6b64\u9019\u4e9b\u9650\u5236\u53ef\u80fd\u4e0d\u9069\u7528\u65bc\u60a8\u3002<\/p>\n\n\n\n<h3 class=\"wp-block-heading\" id=\"5-precisao-dos-materiais\">5. \u6750\u6599\u7684\u6e96\u78ba\u6027<\/h3>\n\n\n\n<p>Mob Dia \u7db2\u7ad9\u4e0a\u986f\u793a\u7684\u8cc7\u6599\u53ef\u80fd\u5305\u542b\u6280\u8853\u3001\u6392\u7248\u6216\u5716\u7247\u932f\u8aa4\u3002 Mob Dia \u4e0d\u4fdd\u8b49\u5176\u7db2\u7ad9\u4e0a\u4efb\u4f55\u8cc7\u6599\u7684\u6e96\u78ba\u6027\u3001\u5b8c\u6574\u6027\u6216\u53ca\u6642\u6027\u3002 Mob Dia \u53ef\u96a8\u6642\u66f4\u6539\u5176\u7db2\u7ad9\u4e0a\u7684\u8cc7\u6599\uff0c\u6055\u4e0d\u53e6\u884c\u901a\u77e5\u3002\u7136\u800c\uff0cMob Dia \u4e0d\u627f\u64d4\u66f4\u65b0\u9019\u4e9b\u8cc7\u6599\u7684\u8cac\u4efb\u3002<\/p>\n\n\n\n<h3 class=\"wp-block-heading\" id=\"6-links\">6. \u9023\u7d50<\/h3>\n\n\n\n<p>Mob Dia \u4e26\u672a\u5be9\u67e5\u6240\u6709\u9023\u7d50\u5230\u5176\u7db2\u7ad9\u7684\u7db2\u7ad9\uff0c\u4e14\u4e0d\u5c0d\u4efb\u4f55\u9023\u7d50\u7db2\u7ad9\u7684\u5167\u5bb9\u8ca0\u8cac\u3002\u5305\u542b\u4efb\u4f55\u9023\u7d50\u4e26\u4e0d\u4ee3\u8868 Mob Dia \u8a8d\u53ef\u8a72\u7db2\u7ad9\u3002\u4f7f\u7528\u8005\u81ea\u884c\u627f\u64d4\u4f7f\u7528\u4efb\u4f55\u9023\u7d50\u7db2\u7ad9\u7684\u98a8\u96aa\u3002<\/p>\n\n\n\n<h3 class=\"wp-block-heading\" id=\"modificacoes\">\u4fee\u6539<\/h3>\n\n\n\n<p>Mob Dia \u53ef\u96a8\u6642\u4fee\u6539\u5176\u7db2\u7ad9\u7684\u670d\u52d9\u689d\u6b3e\uff0c\u6055\u4e0d\u53e6\u884c\u901a\u77e5\u3002\u4f7f\u7528\u672c\u7db2\u7ad9\u5373\u8868\u793a\u60a8\u540c\u610f\u63a5\u53d7\u76ee\u524d\u7248\u672c\u7684\u670d\u52d9\u689d\u6b3e\u7684\u7d04\u675f\u3002<\/p>\n\n\n\n<h3 class=\"wp-block-heading\" id=\"lei-aplicavel\">\u9069\u7528\u6cd5\u5f8b<\/h3>\n\n\n\n<p>\u9019\u4e9b\u689d\u6b3e\u548c\u689d\u4ef6\u53d7 Mob dia \u6cd5\u5f8b\u7ba1\u8f44\u4e26\u4f9d\u5176\u89e3\u91cb\uff0c\u60a8\u4e0d\u53ef\u64a4\u92b7\u5730\u63a5\u53d7\u8a72\u5dde\u6216\u5730\u5340\u6cd5\u9662\u7684\u5c08\u5c6c\u7ba1\u8f44\u6b0a\u3002<\/p>","protected":false},"excerpt":{"rendered":"<p>1. Termos Ao acessar ao site\u00a0Mob Dia, concorda em cumprir estes termos de servi\u00e7o, todas as leis e regulamentos aplic\u00e1veis \u200b\u200be concorda que \u00e9 respons\u00e1vel pelo cumprimento de todas as leis locais aplic\u00e1veis. Se voc\u00ea n\u00e3o concordar com algum desses termos, est\u00e1 proibido de usar ou acessar este site. Os materiais contidos neste site s\u00e3o [&hellip;]<\/p>","protected":false},"author":1,"featured_media":0,"parent":0,"menu_order":0,"comment_status":"closed","ping_status":"closed","template":"","meta":{"footnotes":""},"class_list":["post-860","page","type-page","status-publish"],"_links":{"self":[{"href":"https:\/\/mobdia.com\/zh\/wp-json\/wp\/v2\/pages\/860","targetHints":{"allow":["GET"]}}],"collection":[{"href":"https:\/\/mobdia.com\/zh\/wp-json\/wp\/v2\/pages"}],"about":[{"href":"https:\/\/mobdia.com\/zh\/wp-json\/wp\/v2\/types\/page"}],"author":[{"embeddable":true,"href":"https:\/\/mobdia.com\/zh\/wp-json\/wp\/v2\/users\/1"}],"replies":[{"embeddable":true,"href":"https:\/\/mobdia.com\/zh\/wp-json\/wp\/v2\/comments?post=860"}],"version-history":[{"count":1,"href":"https:\/\/mobdia.com\/zh\/wp-json\/wp\/v2\/pages\/860\/revisions"}],"predecessor-version":[{"id":861,"href":"https:\/\/mobdia.com\/zh\/wp-json\/wp\/v2\/pages\/860\/revisions\/861"}],"wp:attachment":[{"href":"https:\/\/mobdia.com\/zh\/wp-json\/wp\/v2\/media?parent=860"}],"curies":[{"name":"wp","href":"https:\/\/api.w.org\/{rel}","templated":true}]}}