{"id":860,"date":"2023-06-30T22:38:26","date_gmt":"2023-06-30T22:38:26","guid":{"rendered":"https:\/\/mobdia.com\/?page_id=860"},"modified":"2023-06-30T22:38:26","modified_gmt":"2023-06-30T22:38:26","slug":"dieu-khoan-su-dung","status":"publish","type":"page","link":"https:\/\/mobdia.com\/vi\/dieu-khoan-su-dung\/","title":{"rendered":"\u0110i\u1ec1u kho\u1ea3n s\u1eed d\u1ee5ng"},"content":{"rendered":"<h3 class=\"wp-block-heading\" id=\"1-termos\">1. \u0110i\u1ec1u kho\u1ea3n<\/h3>\n\n\n\n<p>Khi truy c\u1eadp trang web\u00a0<a href=\"https:\/\/mobdia.com\/\">ng\u00e0y \u0111\u00e1m \u0111\u00f4ng<\/a>, \u0111\u1ed3ng \u00fd tu\u00e2n th\u1ee7 c\u00e1c \u0111i\u1ec1u kho\u1ea3n d\u1ecbch v\u1ee5 n\u00e0y, t\u1ea5t c\u1ea3 c\u00e1c lu\u1eadt v\u00e0 quy \u0111\u1ecbnh hi\u1ec7n h\u00e0nh c\u0169ng nh\u01b0 \u0111\u1ed3ng \u00fd r\u1eb1ng b\u1ea1n ch\u1ecbu tr\u00e1ch nhi\u1ec7m tu\u00e2n th\u1ee7 t\u1ea5t c\u1ea3 c\u00e1c lu\u1eadt hi\u1ec7n h\u00e0nh c\u1ee7a \u0111\u1ecba ph\u01b0\u01a1ng. N\u1ebfu b\u1ea1n kh\u00f4ng \u0111\u1ed3ng \u00fd v\u1edbi b\u1ea5t k\u1ef3 \u0111i\u1ec1u kho\u1ea3n n\u00e0o trong s\u1ed1 n\u00e0y, b\u1ea1n b\u1ecb c\u1ea5m s\u1eed d\u1ee5ng ho\u1eb7c truy c\u1eadp trang web n\u00e0y. C\u00e1c t\u00e0i li\u1ec7u c\u00f3 tr\u00ean trang web n\u00e0y \u0111\u01b0\u1ee3c b\u1ea3o v\u1ec7 b\u1edfi lu\u1eadt b\u1ea3n quy\u1ec1n v\u00e0 nh\u00e3n hi\u1ec7u hi\u1ec7n h\u00e0nh.<\/p>\n\n\n\n<h3 class=\"wp-block-heading\" id=\"2-uso-de-licenca\">2. S\u1eed d\u1ee5ng Gi\u1ea5y ph\u00e9p<\/h3>\n\n\n\n<p>Quy\u1ec1n \u0111\u01b0\u1ee3c c\u1ea5p \u0111\u1ec3 t\u1ea1m th\u1eddi t\u1ea3i xu\u1ed1ng m\u1ed9t b\u1ea3n sao c\u1ee7a t\u00e0i li\u1ec7u (th\u00f4ng tin ho\u1eb7c ph\u1ea7n m\u1ec1m) tr\u00ean trang web c\u1ee7a Mob Day ch\u1ec9 \u0111\u1ec3 xem t\u1ea1m th\u1eddi, phi th\u01b0\u01a1ng m\u1ea1i. \u0110\u00e2y l\u00e0 vi\u1ec7c c\u1ea5p gi\u1ea5y ph\u00e9p, kh\u00f4ng ph\u1ea3i chuy\u1ec3n nh\u01b0\u1ee3ng quy\u1ec1n s\u1edf h\u1eefu v\u00e0 theo gi\u1ea5y ph\u00e9p n\u00e0y, b\u1ea1n kh\u00f4ng \u0111\u01b0\u1ee3c:\u00a0<\/p>\n\n\n\n<ol class=\"wp-block-list\">\n<li>s\u1eeda \u0111\u1ed5i ho\u1eb7c sao ch\u00e9p t\u00e0i li\u1ec7u;&nbsp;<\/li>\n\n\n\n<li>s\u1eed d\u1ee5ng c\u00e1c t\u00e0i li\u1ec7u cho b\u1ea5t k\u1ef3 m\u1ee5c \u0111\u00edch th\u01b0\u01a1ng m\u1ea1i n\u00e0o ho\u1eb7c \u0111\u1ec3 hi\u1ec3n th\u1ecb c\u00f4ng khai (th\u01b0\u01a1ng m\u1ea1i ho\u1eb7c phi th\u01b0\u01a1ng m\u1ea1i);&nbsp;<\/li>\n\n\n\n<li>c\u1ed1 g\u1eafng d\u1ecbch ng\u01b0\u1ee3c ho\u1eb7c thi\u1ebft k\u1ebf \u0111\u1ea3o ng\u01b0\u1ee3c b\u1ea5t k\u1ef3 ph\u1ea7n m\u1ec1m n\u00e0o c\u00f3 tr\u00ean trang web Mob Dia;\u00a0<\/li>\n\n\n\n<li>x\u00f3a m\u1ecdi b\u1ea3n quy\u1ec1n ho\u1eb7c k\u00fd hi\u1ec7u s\u1edf h\u1eefu kh\u00e1c kh\u1ecfi t\u00e0i li\u1ec7u; ho\u1eb7c&nbsp;<\/li>\n\n\n\n<li>chuy\u1ec3n t\u00e0i li\u1ec7u cho ng\u01b0\u1eddi kh\u00e1c ho\u1eb7c &#039;ph\u1ea3n chi\u1ebfu&#039; t\u00e0i li\u1ec7u tr\u00ean b\u1ea5t k\u1ef3 m\u00e1y ch\u1ee7 n\u00e0o kh\u00e1c.<\/li>\n<\/ol>\n\n\n\n<p>Gi\u1ea5y ph\u00e9p n\u00e0y s\u1ebd t\u1ef1 \u0111\u1ed9ng ch\u1ea5m d\u1ee9t n\u1ebfu b\u1ea1n vi ph\u1ea1m b\u1ea5t k\u1ef3 h\u1ea1n ch\u1ebf n\u00e0o trong s\u1ed1 n\u00e0y v\u00e0 c\u00f3 th\u1ec3 b\u1ecb Mob Dia ch\u1ea5m d\u1ee9t b\u1ea5t k\u1ef3 l\u00fac n\u00e0o. Khi ng\u1eebng xem c\u00e1c t\u00e0i li\u1ec7u n\u00e0y ho\u1eb7c khi ch\u1ea5m d\u1ee9t gi\u1ea5y ph\u00e9p n\u00e0y, b\u1ea1n ph\u1ea3i x\u00f3a t\u1ea5t c\u1ea3 c\u00e1c t\u00e0i li\u1ec7u \u0111\u00e3 t\u1ea3i xu\u1ed1ng m\u00e0 b\u1ea1n s\u1edf h\u1eefu, cho d\u00f9 \u1edf d\u1ea1ng \u0111i\u1ec7n t\u1eed hay b\u1ea3n in.<\/p>\n\n\n\n<h3 class=\"wp-block-heading\" id=\"3-isencao-de-responsabilidade\">3. Tuy\u00ean b\u1ed1 mi\u1ec5n tr\u1eeb tr\u00e1ch nhi\u1ec7m<\/h3>\n\n\n\n<ol class=\"wp-block-list\">\n<li>C\u00e1c t\u00e0i li\u1ec7u tr\u00ean trang web c\u1ee7a Mob Day \u0111\u01b0\u1ee3c cung c\u1ea5p &quot;nguy\u00ean tr\u1ea1ng&quot;. Mob dia kh\u00f4ng b\u1ea3o \u0111\u1ea3m, r\u00f5 r\u00e0ng hay ng\u1ee5 \u00fd, v\u00e0 theo \u0111\u00e2y t\u1eeb ch\u1ed1i v\u00e0 t\u1eeb ch\u1ed1i t\u1ea5t c\u1ea3 c\u00e1c b\u1ea3o \u0111\u1ea3m kh\u00e1c, bao g\u1ed3m, nh\u01b0ng kh\u00f4ng gi\u1edbi h\u1ea1n, b\u1ea3o \u0111\u1ea3m ng\u1ee5 \u00fd ho\u1eb7c \u0111i\u1ec1u ki\u1ec7n v\u1ec1 kh\u1ea3 n\u0103ng b\u00e1n \u0111\u01b0\u1ee3c, s\u1ef1 ph\u00f9 h\u1ee3p cho m\u1ed9t m\u1ee5c \u0111\u00edch c\u1ee5 th\u1ec3 ho\u1eb7c kh\u00f4ng vi ph\u1ea1m quy\u1ec1n s\u1edf h\u1eefu tr\u00ed tu\u1ec7 ho\u1eb7c vi ph\u1ea1m quy\u1ec1n kh\u00e1c. .<\/li>\n\n\n\n<li>Ngo\u00e0i ra, Mob dia kh\u00f4ng \u0111\u1ea3m b\u1ea3o ho\u1eb7c \u0111\u01b0a ra b\u1ea5t k\u1ef3 tuy\u00ean b\u1ed1 n\u00e0o v\u1ec1 t\u00ednh ch\u00ednh x\u00e1c, k\u1ebft qu\u1ea3 c\u00f3 th\u1ec3 x\u1ea3y ra ho\u1eb7c \u0111\u1ed9 tin c\u1eady c\u1ee7a vi\u1ec7c s\u1eed d\u1ee5ng c\u00e1c t\u00e0i li\u1ec7u tr\u00ean trang web c\u1ee7a m\u00ecnh ho\u1eb7c li\u00ean quan \u0111\u1ebfn c\u00e1c t\u00e0i li\u1ec7u n\u00e0y ho\u1eb7c t\u1ea1i c\u00e1c trang web \u0111\u01b0\u1ee3c li\u00ean k\u1ebft v\u1edbi trang web n\u00e0y.<\/li>\n<\/ol>\n\n\n\n<h3 class=\"wp-block-heading\" id=\"4-limitacoes\">4. H\u1ea1n ch\u1ebf<\/h3>\n\n\n\n<p>Trong m\u1ecdi tr\u01b0\u1eddng h\u1ee3p, Mobdia ho\u1eb7c c\u00e1c nh\u00e0 cung c\u1ea5p c\u1ee7a Mobdia s\u1ebd kh\u00f4ng ch\u1ecbu tr\u00e1ch nhi\u1ec7m ph\u00e1p l\u00fd cho b\u1ea5t k\u1ef3 thi\u1ec7t h\u1ea1i n\u00e0o (bao g\u1ed3m nh\u01b0ng kh\u00f4ng gi\u1edbi h\u1ea1n, thi\u1ec7t h\u1ea1i do m\u1ea5t d\u1eef li\u1ec7u ho\u1eb7c l\u1ee3i nhu\u1eadn ho\u1eb7c do gi\u00e1n \u0111o\u1ea1n kinh doanh) ph\u00e1t sinh t\u1eeb vi\u1ec7c s\u1eed d\u1ee5ng ho\u1eb7c kh\u00f4ng th\u1ec3 s\u1eed d\u1ee5ng c\u00e1c t\u00e0i li\u1ec7u tr\u00ean Mobdia, th\u1eadm ch\u00ed n\u1ebfu Mobdia ho\u1eb7c \u0111\u1ea1i di\u1ec7n \u0111\u01b0\u1ee3c \u1ee7y quy\u1ec1n c\u1ee7a Mobdia \u0111\u00e3 \u0111\u01b0\u1ee3c th\u00f4ng b\u00e1o b\u1eb1ng mi\u1ec7ng ho\u1eb7c b\u1eb1ng v\u0103n b\u1ea3n v\u1ec1 kh\u1ea3 n\u0103ng x\u1ea3y ra nh\u1eefng thi\u1ec7t h\u1ea1i \u0111\u00f3. B\u1edfi v\u00ec m\u1ed9t s\u1ed1 khu v\u1ef1c ph\u00e1p l\u00fd kh\u00f4ng cho ph\u00e9p gi\u1edbi h\u1ea1n \u0111\u1ed1i v\u1edbi b\u1ea3o \u0111\u1ea3m ng\u1ee5 \u00fd ho\u1eb7c gi\u1edbi h\u1ea1n tr\u00e1ch nhi\u1ec7m ph\u00e1p l\u00fd \u0111\u1ed1i v\u1edbi c\u00e1c thi\u1ec7t h\u1ea1i do h\u1eadu qu\u1ea3 ho\u1eb7c ng\u1eabu nhi\u00ean, nh\u1eefng gi\u1edbi h\u1ea1n n\u00e0y c\u00f3 th\u1ec3 kh\u00f4ng \u00e1p d\u1ee5ng cho b\u1ea1n.<\/p>\n\n\n\n<h3 class=\"wp-block-heading\" id=\"5-precisao-dos-materiais\">5. \u0110\u1ed9 ch\u00ednh x\u00e1c c\u1ee7a v\u1eadt li\u1ec7u<\/h3>\n\n\n\n<p>C\u00e1c t\u00e0i li\u1ec7u xu\u1ea5t hi\u1ec7n tr\u00ean trang web c\u1ee7a Mob dia c\u00f3 th\u1ec3 bao g\u1ed3m c\u00e1c l\u1ed7i k\u1ef9 thu\u1eadt, \u0111\u00e1nh m\u00e1y ho\u1eb7c ch\u1ee5p \u1ea3nh. Mob Day kh\u00f4ng \u0111\u1ea3m b\u1ea3o r\u1eb1ng b\u1ea5t k\u1ef3 t\u00e0i li\u1ec7u n\u00e0o tr\u00ean trang web c\u1ee7a m\u00ecnh l\u00e0 ch\u00ednh x\u00e1c, \u0111\u1ea7y \u0111\u1ee7 ho\u1eb7c hi\u1ec7n h\u00e0nh. Mob Day c\u00f3 th\u1ec3 thay \u0111\u1ed5i c\u00e1c t\u00e0i li\u1ec7u c\u00f3 tr\u00ean trang web c\u1ee7a m\u00ecnh b\u1ea5t k\u1ef3 l\u00fac n\u00e0o m\u00e0 kh\u00f4ng c\u1ea7n th\u00f4ng b\u00e1o tr\u01b0\u1edbc. Tuy nhi\u00ean, Plumber Mob kh\u00f4ng \u0111\u01b0a ra b\u1ea5t k\u1ef3 cam k\u1ebft n\u00e0o v\u1ec1 vi\u1ec7c c\u1eadp nh\u1eadt t\u00e0i li\u1ec7u.<\/p>\n\n\n\n<h3 class=\"wp-block-heading\" id=\"6-links\">6. Li\u00ean k\u1ebft<\/h3>\n\n\n\n<p>Mob dia ch\u01b0a xem x\u00e9t t\u1ea5t c\u1ea3 c\u00e1c trang \u0111\u01b0\u1ee3c li\u00ean k\u1ebft v\u1edbi trang web c\u1ee7a m\u00ecnh v\u00e0 kh\u00f4ng ch\u1ecbu tr\u00e1ch nhi\u1ec7m v\u1ec1 n\u1ed9i dung c\u1ee7a b\u1ea5t k\u1ef3 trang \u0111\u01b0\u1ee3c li\u00ean k\u1ebft n\u00e0o nh\u01b0 v\u1eady. Vi\u1ec7c bao g\u1ed3m b\u1ea5t k\u1ef3 li\u00ean k\u1ebft n\u00e0o kh\u00f4ng c\u00f3 ngh\u0129a l\u00e0 s\u1ef1 ch\u1ee9ng th\u1ef1c c\u1ee7a Mob Day \u0111\u1ed1i v\u1edbi trang web. Ng\u01b0\u1eddi d\u00f9ng t\u1ef1 ch\u1ecbu r\u1ee7i ro khi s\u1eed d\u1ee5ng b\u1ea5t k\u1ef3 trang web \u0111\u01b0\u1ee3c li\u00ean k\u1ebft n\u00e0o.<\/p>\n\n\n\n<h3 class=\"wp-block-heading\" id=\"modificacoes\">s\u1eeda \u0111\u1ed5i<\/h3>\n\n\n\n<p>Mob Dia c\u00f3 th\u1ec3 s\u1eeda \u0111\u1ed5i c\u00e1c \u0111i\u1ec1u kho\u1ea3n d\u1ecbch v\u1ee5 n\u00e0y cho trang web c\u1ee7a m\u00ecnh b\u1ea5t c\u1ee9 l\u00fac n\u00e0o m\u00e0 kh\u00f4ng c\u1ea7n th\u00f4ng b\u00e1o tr\u01b0\u1edbc. B\u1eb1ng c\u00e1ch s\u1eed d\u1ee5ng trang web n\u00e0y, b\u1ea1n \u0111\u1ed3ng \u00fd b\u1ecb r\u00e0ng bu\u1ed9c b\u1edfi phi\u00ean b\u1ea3n hi\u1ec7n t\u1ea1i c\u1ee7a c\u00e1c \u0111i\u1ec1u kho\u1ea3n d\u1ecbch v\u1ee5 n\u00e0y.<\/p>\n\n\n\n<h3 class=\"wp-block-heading\" id=\"lei-aplicavel\">Lu\u1eadt \u00e1p d\u1ee5ng<\/h3>\n\n\n\n<p>C\u00e1c \u0111i\u1ec1u kho\u1ea3n v\u00e0 \u0111i\u1ec1u ki\u1ec7n n\u00e0y \u0111\u01b0\u1ee3c \u0111i\u1ec1u ch\u1ec9nh v\u00e0 hi\u1ec3u theo lu\u1eadt ph\u00e1p c\u1ee7a Mob dia v\u00e0 b\u1ea1n tu\u00e2n theo quy\u1ec1n t\u00e0i ph\u00e1n \u0111\u1ed9c quy\u1ec1n c\u1ee7a c\u00e1c t\u00f2a \u00e1n \u1edf ti\u1ec3u bang ho\u1eb7c \u0111\u1ecba ph\u01b0\u01a1ng \u0111\u00f3.<\/p>","protected":false},"excerpt":{"rendered":"<p>1. Termos Ao acessar ao site\u00a0Mob Dia, concorda em cumprir estes termos de servi\u00e7o, todas as leis e regulamentos aplic\u00e1veis \u200b\u200be concorda que \u00e9 respons\u00e1vel pelo cumprimento de todas as leis locais aplic\u00e1veis. Se voc\u00ea n\u00e3o concordar com algum desses termos, est\u00e1 proibido de usar ou acessar este site. Os materiais contidos neste site s\u00e3o [&hellip;]<\/p>","protected":false},"author":1,"featured_media":0,"parent":0,"menu_order":0,"comment_status":"closed","ping_status":"closed","template":"","meta":{"footnotes":""},"class_list":["post-860","page","type-page","status-publish"],"_links":{"self":[{"href":"https:\/\/mobdia.com\/vi\/wp-json\/wp\/v2\/pages\/860","targetHints":{"allow":["GET"]}}],"collection":[{"href":"https:\/\/mobdia.com\/vi\/wp-json\/wp\/v2\/pages"}],"about":[{"href":"https:\/\/mobdia.com\/vi\/wp-json\/wp\/v2\/types\/page"}],"author":[{"embeddable":true,"href":"https:\/\/mobdia.com\/vi\/wp-json\/wp\/v2\/users\/1"}],"replies":[{"embeddable":true,"href":"https:\/\/mobdia.com\/vi\/wp-json\/wp\/v2\/comments?post=860"}],"version-history":[{"count":1,"href":"https:\/\/mobdia.com\/vi\/wp-json\/wp\/v2\/pages\/860\/revisions"}],"predecessor-version":[{"id":861,"href":"https:\/\/mobdia.com\/vi\/wp-json\/wp\/v2\/pages\/860\/revisions\/861"}],"wp:attachment":[{"href":"https:\/\/mobdia.com\/vi\/wp-json\/wp\/v2\/media?parent=860"}],"curies":[{"name":"trang web","href":"https:\/\/api.w.org\/{rel}","templated":true}]}}