{"id":2,"date":"2022-10-19T12:25:10","date_gmt":"2022-10-19T12:25:10","guid":{"rendered":"https:\/\/mobdia.com\/?page_id=2"},"modified":"2022-10-19T12:25:10","modified_gmt":"2022-10-19T12:25:10","slug":"trang-mau","status":"publish","type":"page","link":"https:\/\/mobdia.com\/vi\/trang-mau\/","title":{"rendered":"trang m\u1eabu"},"content":{"rendered":"<p>\u0110\u00e2y l\u00e0 m\u1ed9t trang v\u00ed d\u1ee5. N\u00f3 kh\u00e1c v\u1edbi b\u00e0i \u0111\u0103ng tr\u00ean blog v\u00ec n\u00f3 s\u1ebd lu\u00f4n n\u1eb1m \u1edf m\u1ed9t v\u1ecb tr\u00ed c\u1ed1 \u0111\u1ecbnh v\u00e0 s\u1ebd hi\u1ec3n th\u1ecb trong menu \u0111i\u1ec1u h\u01b0\u1edbng c\u1ee7a trang web (trong h\u1ea7u h\u1ebft c\u00e1c giao di\u1ec7n). H\u1ea7u h\u1ebft m\u1ecdi ng\u01b0\u1eddi b\u1eaft \u0111\u1ea7u v\u1edbi trang Gi\u1edbi thi\u1ec7u \u0111\u1ec3 gi\u1edbi thi\u1ec7u b\u1ea3n th\u00e2n v\u1edbi nh\u1eefng ng\u01b0\u1eddi truy c\u1eadp ti\u1ec1m n\u0103ng. Trang \u0111\u00f3 c\u00f3 th\u1ec3 vi\u1ebft \u0111\u1ea1i lo\u1ea1i nh\u01b0 th\u1ebf n\u00e0y:<\/p>\n\n\n\n<blockquote class=\"wp-block-quote is-layout-flow wp-block-quote-is-layout-flow\"><p>Ch\u00e0o m\u1ecdi ng\u01b0\u1eddi! M\u00ecnh l\u00e0 ng\u01b0\u1eddi giao h\u00e0ng b\u1eb1ng xe \u0111\u1ea1p ban ng\u00e0y, di\u1ec5n vi\u00ean nghi\u1ec7p d\u01b0 ban \u0111\u00eam, v\u00e0 \u0111\u00e2y l\u00e0 trang web c\u1ee7a m\u00ecnh. M\u00ecnh s\u1ed1ng \u1edf Los Angeles, c\u00f3 m\u1ed9t ch\u00fa ch\u00f3 tuy\u1ec7t v\u1eddi t\u00ean Jack, v\u00e0 m\u00ecnh th\u00edch cocktail pi\u00f1a colada. (V\u00e0 c\u1ea3 vi\u1ec7c b\u1ecb m\u1eafc m\u01b0a n\u1eefa.)<\/p><\/blockquote>\n\n\n\n<p>\u2026ho\u1eb7c \u0111\u1ea1i lo\u1ea1i nh\u01b0 th\u1ebf n\u00e0y:<\/p>\n\n\n\n<blockquote class=\"wp-block-quote is-layout-flow wp-block-quote-is-layout-flow\"><p>C\u00f4ng ty XYZ Doohickey \u0111\u01b0\u1ee3c th\u00e0nh l\u1eadp n\u0103m 1971 v\u00e0 \u0111\u00e3 cung c\u1ea5p c\u00e1c s\u1ea3n ph\u1ea9m ch\u1ea5t l\u01b0\u1ee3ng cao cho c\u00f4ng ch\u00fang k\u1ec3 t\u1eeb \u0111\u00f3. \u0110\u1eb7t tr\u1ee5 s\u1edf t\u1ea1i th\u00e0nh ph\u1ed1 Gotham, XYZ c\u00f3 h\u01a1n 2.000 nh\u00e2n vi\u00ean v\u00e0 th\u1ef1c hi\u1ec7n nhi\u1ec1u ho\u1ea1t \u0111\u1ed9ng tuy\u1ec7t v\u1eddi cho c\u1ed9ng \u0111\u1ed3ng Gotham.<\/p><\/blockquote>\n\n\n\n<p>L\u00e0 ng\u01b0\u1eddi d\u00f9ng WordPress m\u1edbi, b\u1ea1n n\u00ean truy c\u1eadp v\u00e0o... <a href=\"https:\/\/mobdia.com\/wp-admin\/\">b\u1ea3ng \u0111i\u1ec1u khi\u1ec3n c\u1ee7a b\u1ea1n<\/a> B\u1ea1n c\u00f3 th\u1ec3 x\u00f3a trang n\u00e0y v\u00e0 t\u1ea1o c\u00e1c trang m\u1edbi cho n\u1ed9i dung c\u1ee7a m\u00ecnh. Ch\u00fac b\u1ea1n vui v\u1ebb!<\/p>","protected":false},"excerpt":{"rendered":"<p>This is an example page. It&#8217;s different from a blog post because it will stay in one place and will show up in your site navigation (in most themes). Most people start with an About page that introduces them to potential site visitors. It might say something like this: Hi there! I&#8217;m a bike messenger [&hellip;]<\/p>","protected":false},"author":1,"featured_media":0,"parent":0,"menu_order":0,"comment_status":"closed","ping_status":"open","template":"","meta":{"footnotes":""},"class_list":["post-2","page","type-page","status-publish"],"_links":{"self":[{"href":"https:\/\/mobdia.com\/vi\/wp-json\/wp\/v2\/pages\/2","targetHints":{"allow":["GET"]}}],"collection":[{"href":"https:\/\/mobdia.com\/vi\/wp-json\/wp\/v2\/pages"}],"about":[{"href":"https:\/\/mobdia.com\/vi\/wp-json\/wp\/v2\/types\/page"}],"author":[{"embeddable":true,"href":"https:\/\/mobdia.com\/vi\/wp-json\/wp\/v2\/users\/1"}],"replies":[{"embeddable":true,"href":"https:\/\/mobdia.com\/vi\/wp-json\/wp\/v2\/comments?post=2"}],"version-history":[{"count":0,"href":"https:\/\/mobdia.com\/vi\/wp-json\/wp\/v2\/pages\/2\/revisions"}],"wp:attachment":[{"href":"https:\/\/mobdia.com\/vi\/wp-json\/wp\/v2\/media?parent=2"}],"curies":[{"name":"trang web","href":"https:\/\/api.w.org\/{rel}","templated":true}]}}