{"id":2,"date":"2022-10-19T12:25:10","date_gmt":"2022-10-19T12:25:10","guid":{"rendered":"https:\/\/mobdia.com\/?page_id=2"},"modified":"2022-10-19T12:25:10","modified_gmt":"2022-10-19T12:25:10","slug":"ornek-sayfa","status":"publish","type":"page","link":"https:\/\/mobdia.com\/tr\/ornek-sayfa\/","title":{"rendered":"\u00d6rnek Sayfa"},"content":{"rendered":"<p>Bu \u00f6rnek bir sayfad\u0131r. Bir blog yaz\u0131s\u0131ndan farkl\u0131d\u0131r \u00e7\u00fcnk\u00fc sabit bir yerde kalacak ve (\u00e7o\u011fu temada) sitenizin navigasyonunda g\u00f6r\u00fcnecektir. \u00c7o\u011fu ki\u015fi, potansiyel site ziyaret\u00e7ilerine kendilerini tan\u0131tan bir Hakk\u0131m\u0131zda sayfas\u0131yla ba\u015flar. \u015e\u00f6yle bir \u015fey s\u00f6yleyebilir:<\/p>\n\n\n\n<blockquote class=\"wp-block-quote is-layout-flow wp-block-quote-is-layout-flow\"><p>Merhaba! G\u00fcnd\u00fczleri bisikletli kurye, geceleri ise oyuncu aday\u0131y\u0131m ve bu da web sitem. Los Angeles&#039;ta ya\u015f\u0131yorum, Jack ad\u0131nda harika bir k\u00f6pe\u011fim var ve pi\u00f1a colada i\u00e7meyi seviyorum. (Ve ya\u011fmurda \u0131slanmay\u0131 da.)<\/p><\/blockquote>\n\n\n\n<p>\u2026ya da buna benzer bir \u015fey:<\/p>\n\n\n\n<blockquote class=\"wp-block-quote is-layout-flow wp-block-quote-is-layout-flow\"><p>XYZ Doohickey \u015eirketi 1971 y\u0131l\u0131nda kuruldu ve o zamandan beri halka kaliteli \u00fcr\u00fcnler sunmaktad\u0131r. Gotham \u015eehrinde bulunan XYZ, 2.000&#039;den fazla \u00e7al\u0131\u015fan\u0131yla Gotham toplulu\u011fu i\u00e7in her t\u00fcrl\u00fc harika i\u015fi yapmaktad\u0131r.<\/p><\/blockquote>\n\n\n\n<p>Yeni bir WordPress kullan\u0131c\u0131s\u0131 olarak, \u015furaya gitmelisiniz: <a href=\"https:\/\/mobdia.com\/wp-admin\/\">g\u00f6sterge paneliniz<\/a> Bu sayfay\u0131 silip i\u00e7eri\u011finiz i\u00e7in yeni sayfalar olu\u015fturabilirsiniz. \u0130yi e\u011flenceler!<\/p>","protected":false},"excerpt":{"rendered":"<p>This is an example page. It&#8217;s different from a blog post because it will stay in one place and will show up in your site navigation (in most themes). Most people start with an About page that introduces them to potential site visitors. It might say something like this: Hi there! I&#8217;m a bike messenger [&hellip;]<\/p>","protected":false},"author":1,"featured_media":0,"parent":0,"menu_order":0,"comment_status":"closed","ping_status":"open","template":"","meta":{"footnotes":""},"class_list":["post-2","page","type-page","status-publish"],"_links":{"self":[{"href":"https:\/\/mobdia.com\/tr\/wp-json\/wp\/v2\/pages\/2","targetHints":{"allow":["GET"]}}],"collection":[{"href":"https:\/\/mobdia.com\/tr\/wp-json\/wp\/v2\/pages"}],"about":[{"href":"https:\/\/mobdia.com\/tr\/wp-json\/wp\/v2\/types\/page"}],"author":[{"embeddable":true,"href":"https:\/\/mobdia.com\/tr\/wp-json\/wp\/v2\/users\/1"}],"replies":[{"embeddable":true,"href":"https:\/\/mobdia.com\/tr\/wp-json\/wp\/v2\/comments?post=2"}],"version-history":[{"count":0,"href":"https:\/\/mobdia.com\/tr\/wp-json\/wp\/v2\/pages\/2\/revisions"}],"wp:attachment":[{"href":"https:\/\/mobdia.com\/tr\/wp-json\/wp\/v2\/media?parent=2"}],"curies":[{"name":"wp","href":"https:\/\/api.w.org\/{rel}","templated":true}]}}