{"id":2,"date":"2022-10-19T12:25:10","date_gmt":"2022-10-19T12:25:10","guid":{"rendered":"https:\/\/mobdia.com\/?page_id=2"},"modified":"2022-10-19T12:25:10","modified_gmt":"2022-10-19T12:25:10","slug":"vzorova-stranka","status":"publish","type":"page","link":"https:\/\/mobdia.com\/sk\/vzorova-stranka\/","title":{"rendered":"Uk\u00e1\u017ekov\u00e1 str\u00e1nka"},"content":{"rendered":"<p>Toto je pr\u00edkladov\u00e1 str\u00e1nka. L\u00ed\u0161i sa od blogov\u00e9ho pr\u00edspevku, preto\u017ee zostane na jednom mieste a zobraz\u00ed sa v navig\u00e1cii va\u0161ej str\u00e1nky (vo v\u00e4\u010d\u0161ine t\u00e9m). V\u00e4\u010d\u0161ina \u013eud\u00ed za\u010d\u00edna str\u00e1nkou \u201eO n\u00e1s\u201c, ktor\u00e1 ich predstavuje potenci\u00e1lnym n\u00e1v\u0161tevn\u00edkom str\u00e1nky. M\u00f4\u017ee tam by\u0165 nie\u010do ako toto:<\/p>\n\n\n\n<blockquote class=\"wp-block-quote is-layout-flow wp-block-quote-is-layout-flow\"><p>Ahoj! Cez de\u0148 som kuri\u00e9r na bicykli, v noci za\u010d\u00ednam ako herec a toto je moja webov\u00e1 str\u00e1nka. B\u00fdvam v Los Angeles, m\u00e1m skvel\u00e9ho psa menom Jack a m\u00e1m r\u00e1d pi\u00f1a coladu. (A tie\u017e d\u00e1\u017e\u010f.)<\/p><\/blockquote>\n\n\n\n<p>...alebo nie\u010do tak\u00e9to:<\/p>\n\n\n\n<blockquote class=\"wp-block-quote is-layout-flow wp-block-quote-is-layout-flow\"><p>Spolo\u010dnos\u0165 XYZ Doohickey Company bola zalo\u017een\u00e1 v roku 1971 a odvtedy poskytuje verejnosti kvalitn\u00e9 v\u00fdtvory. Spolo\u010dnos\u0165 XYZ so s\u00eddlom v Gotham City zamestn\u00e1va viac ako 2 000 \u013eud\u00ed a rob\u00ed pre komunitu Gotham v\u0161etky mo\u017en\u00e9 \u00fa\u017easn\u00e9 veci.<\/p><\/blockquote>\n\n\n\n<p>Ako nov\u00fd pou\u017e\u00edvate\u013e WordPressu by ste mali prejs\u0165 na <a href=\"https:\/\/mobdia.com\/wp-admin\/\">v\u00e1\u0161 dashboard<\/a> Ak chcete t\u00fato str\u00e1nku odstr\u00e1ni\u0165 a vytvori\u0165 nov\u00e9 str\u00e1nky pre v\u00e1\u0161 obsah, u\u017eite si to!<\/p>","protected":false},"excerpt":{"rendered":"<p>This is an example page. It&#8217;s different from a blog post because it will stay in one place and will show up in your site navigation (in most themes). Most people start with an About page that introduces them to potential site visitors. It might say something like this: Hi there! I&#8217;m a bike messenger [&hellip;]<\/p>","protected":false},"author":1,"featured_media":0,"parent":0,"menu_order":0,"comment_status":"closed","ping_status":"open","template":"","meta":{"footnotes":""},"class_list":["post-2","page","type-page","status-publish"],"_links":{"self":[{"href":"https:\/\/mobdia.com\/sk\/wp-json\/wp\/v2\/pages\/2","targetHints":{"allow":["GET"]}}],"collection":[{"href":"https:\/\/mobdia.com\/sk\/wp-json\/wp\/v2\/pages"}],"about":[{"href":"https:\/\/mobdia.com\/sk\/wp-json\/wp\/v2\/types\/page"}],"author":[{"embeddable":true,"href":"https:\/\/mobdia.com\/sk\/wp-json\/wp\/v2\/users\/1"}],"replies":[{"embeddable":true,"href":"https:\/\/mobdia.com\/sk\/wp-json\/wp\/v2\/comments?post=2"}],"version-history":[{"count":0,"href":"https:\/\/mobdia.com\/sk\/wp-json\/wp\/v2\/pages\/2\/revisions"}],"wp:attachment":[{"href":"https:\/\/mobdia.com\/sk\/wp-json\/wp\/v2\/media?parent=2"}],"curies":[{"name":"pracovn\u00fd list","href":"https:\/\/api.w.org\/{rel}","templated":true}]}}