{"id":858,"date":"2023-06-30T22:35:40","date_gmt":"2023-06-30T22:35:40","guid":{"rendered":"https:\/\/mobdia.com\/?page_id=858"},"modified":"2023-06-30T22:35:40","modified_gmt":"2023-06-30T22:35:40","slug":"politica-de-confidentialitate","status":"publish","type":"page","link":"https:\/\/mobdia.com\/ro\/politica-de-confidentialitate\/","title":{"rendered":"Politica de confiden\u021bialitate"},"content":{"rendered":"<p>La accesarea site-ului\u00a0<a href=\"https:\/\/dicastutorial.com\/\">mobdia<\/a>, sunte\u021bi de acord s\u0103 respecta\u021bi ace\u0219ti termeni \u0219i condi\u021bii, toate legile \u0219i reglement\u0103rile aplicabile \u0219i sunte\u021bi de acord c\u0103 sunte\u021bi responsabil pentru respectarea tuturor legilor locale aplicabile. Dac\u0103 nu sunte\u021bi de acord cu niciunul dintre ace\u0219ti termeni, vi se interzice utilizarea sau accesarea acestui site web. Materialele con\u021binute pe acest site sunt protejate de legile aplicabile privind drepturile de autor \u0219i m\u0103rcile comerciale.<\/p>\n\n\n\n<h3 class=\"wp-block-heading\">Publicitate personalizata<\/h3>\n\n\n\n<p>Utilizatorii pot renun\u021ba la publicitatea personalizat\u0103 acces\u00e2nd <a href=\"https:\/\/adssettings.google.com\/authenticated\">Set\u0103ri pentru anun\u021buri<\/a>. Alternativ, pute\u021bi direc\u021biona utilizatorilor s\u0103 acceseze site-ul <a href=\"https:\/\/optout.aboutads.info\/?c=2&amp;lang=ES\">www.aboutads.info<\/a> pentru a dezactiva utilizarea cookie-urilor de publicitate personalizate de la ter\u021bi.<\/p>\n\n\n\n<h3 class=\"wp-block-heading\" id=\"2-uso-de-licenca\">2. Utilizarea licen\u021bei<\/h3>\n\n\n\n<p>Se acord\u0103 permisiunea de a desc\u0103rca temporar o copie a materialelor (informa\u021bii sau software) de pe site-ul web al Tips Tutorial numai pentru vizionare personal\u0103, necomercial\u0103, tranzitorie. Aceasta este acordarea unei licen\u021be, nu un transfer de titlu, iar \u00een baza acestei licen\u021be nu pute\u021bi:&nbsp;<\/p>\n\n\n\n<ol class=\"wp-block-list\">\n<li>modifica sau copia materialele;&nbsp;<\/li>\n\n\n\n<li>utiliza\u021bi materialele \u00een orice scop comercial sau pentru afi\u0219are public\u0103 (comerciale sau necomerciale);&nbsp;<\/li>\n\n\n\n<li>\u00eencercarea de a decompila sau de a face inginerie invers\u0103 a oric\u0103rui software con\u021binut pe site-ul web Tutorial Sfaturi;&nbsp;<\/li>\n\n\n\n<li>elimina orice drepturi de autor sau alte nota\u021bii de proprietate din materiale; sau&nbsp;<\/li>\n\n\n\n<li>transfera\u021bi materialele unei alte persoane sau \u201eoglindi\u021bi\u201d materialele pe orice alt server.<\/li>\n<\/ol>\n\n\n\n<p>Aceast\u0103 licen\u021b\u0103 se va rezilia automat dac\u0103 \u00eenc\u0103lca\u021bi oricare dintre aceste restric\u021bii \u0219i poate fi reziliat\u0103 oric\u00e2nd prin Tips Tutorial. La \u00eencetarea vizualiz\u0103rii acestor materiale sau la \u00eencetarea acestei licen\u021be, trebuie s\u0103 \u0219terge\u021bi toate materialele desc\u0103rcate \u00een posesia dumneavoastr\u0103, fie \u00een format electronic sau tip\u0103rit.<\/p>\n\n\n\n<h3 class=\"wp-block-heading\" id=\"3-isencao-de-responsabilidade\">3. Disclaimer<\/h3>\n\n\n\n<ol class=\"wp-block-list\">\n<li>Materialele de pe site-ul web Tips Tutorial sunt furnizate \u201eca atare\u201d. Tips Tutorial nu ofer\u0103 garan\u021bii, exprese sau implicite \u0219i, prin prezenta, declin\u0103 \u0219i declin\u0103 toate celelalte garan\u021bii, inclusiv, f\u0103r\u0103 limitare, garan\u021bii sau condi\u021bii implicite de vandabilitate, adecvare pentru un anumit scop sau ne\u00eenc\u0103lcare a propriet\u0103\u021bii intelectuale sau alte \u00eenc\u0103lc\u0103ri ale drepturilor. .<\/li>\n\n\n\n<li>\u00cen plus, Tips Tutorial nu garanteaz\u0103 \u0219i nu face nicio declara\u021bie cu privire la acurate\u021bea, rezultatele probabile sau fiabilitatea utiliz\u0103rii materialelor de pe site-ul s\u0103u web sau legate \u00een alt mod de aceste materiale sau de pe site-urile web legate de acest site.<\/li>\n<\/ol>\n\n\n\n<h3 class=\"wp-block-heading\" id=\"4-limitacoes\">4. Limit\u0103ri<\/h3>\n\n\n\n<p>\u00cen niciun caz Tips Tutorial sau furnizorii s\u0103i nu vor fi r\u0103spunz\u0103tori pentru orice daune (inclusiv, f\u0103r\u0103 limitare, daune pentru pierderea de date sau profit sau din cauza \u00eentreruperii activit\u0103\u021bii) care decurg din utilizarea sau incapacitatea de a utiliza materialele de la Tips Tutorial. , chiar dac\u0103 Tips Tutorial sau un reprezentant autorizat al Tips Tutorial a fost notificat verbal sau \u00een scris despre posibilitatea unor astfel de daune. Deoarece unele jurisdic\u021bii nu permit limit\u0103ri ale garan\u021biilor implicite sau limit\u0103ri ale r\u0103spunderii pentru daune consecutive sau incidentale, este posibil ca aceste limit\u0103ri s\u0103 nu se aplice \u00een cazul dumneavoastr\u0103.<\/p>\n\n\n\n<h3 class=\"wp-block-heading\" id=\"5-precisao-dos-materiais\">5. Precizia materialelor<\/h3>\n\n\n\n<p>Materialele care apar pe site-ul web al Tips Tutorial pot include erori tehnice, tipografice sau fotografice. Tips Tutorial nu garanteaz\u0103 c\u0103 niciunul dintre materialele de pe site-ul s\u0103u web este corect, complet sau actual. Tips Tutorial poate face modific\u0103ri materialelor con\u021binute pe site-ul s\u0103u web \u00een orice moment, f\u0103r\u0103 notificare. Cu toate acestea, Tutorial Tips nu se angajeaz\u0103 s\u0103 actualizeze materialele.<\/p>\n\n\n\n<h3 class=\"wp-block-heading\" id=\"6-links\">6. Leg\u0103turi<\/h3>\n\n\n\n<p>Tips Tutorial nu a revizuit toate site-urile legate de site-ul s\u0103u \u0219i nu este responsabil pentru con\u021binutul unui astfel de site legat. Includerea oric\u0103rui link nu implic\u0103 aprobarea site-ului de c\u0103tre Tips Tutorial. Utilizarea oric\u0103rui site conectat este pe riscul propriu al utilizatorului.<\/p>\n\n\n\n<h3 class=\"wp-block-heading\" id=\"modificacoes\">Modific\u0103ri<\/h3>\n\n\n\n<p>Tips Tutorial poate revizui ace\u0219ti termeni \u0219i condi\u021bii pentru site-ul s\u0103u web \u00een orice moment, f\u0103r\u0103 notificare prealabil\u0103. Prin utilizarea acestui site web, sunte\u021bi de acord s\u0103 respecta\u021bi versiunea actual\u0103 a acestor termeni \u0219i condi\u021bii.<\/p>\n\n\n\n<h3 class=\"wp-block-heading\" id=\"lei-aplicavel\">Lege aplicabil\u0103<\/h3>\n\n\n\n<p>Ace\u0219ti termeni \u0219i condi\u021bii sunt guverna\u021bi \u0219i interpreta\u021bi \u00een conformitate cu legile Tips Tutorial \u0219i v\u0103 supune\u021bi irevocabil jurisdic\u021biei exclusive a instan\u021belor din acel stat sau localitate.<\/p>","protected":false},"excerpt":{"rendered":"<p>Ao acessar ao site\u00a0mobdia, concorda em cumprir estes termos de servi\u00e7o, todas as leis e regulamentos aplic\u00e1veis \u200b\u200be concorda que \u00e9 respons\u00e1vel pelo cumprimento de todas as leis locais aplic\u00e1veis. Se voc\u00ea n\u00e3o concordar com algum desses termos, est\u00e1 proibido de usar ou acessar este site. Os materiais contidos neste site s\u00e3o protegidos pelas leis [&hellip;]<\/p>","protected":false},"author":1,"featured_media":0,"parent":0,"menu_order":0,"comment_status":"closed","ping_status":"closed","template":"","meta":{"footnotes":""},"class_list":["post-858","page","type-page","status-publish"],"_links":{"self":[{"href":"https:\/\/mobdia.com\/ro\/wp-json\/wp\/v2\/pages\/858","targetHints":{"allow":["GET"]}}],"collection":[{"href":"https:\/\/mobdia.com\/ro\/wp-json\/wp\/v2\/pages"}],"about":[{"href":"https:\/\/mobdia.com\/ro\/wp-json\/wp\/v2\/types\/page"}],"author":[{"embeddable":true,"href":"https:\/\/mobdia.com\/ro\/wp-json\/wp\/v2\/users\/1"}],"replies":[{"embeddable":true,"href":"https:\/\/mobdia.com\/ro\/wp-json\/wp\/v2\/comments?post=858"}],"version-history":[{"count":1,"href":"https:\/\/mobdia.com\/ro\/wp-json\/wp\/v2\/pages\/858\/revisions"}],"predecessor-version":[{"id":859,"href":"https:\/\/mobdia.com\/ro\/wp-json\/wp\/v2\/pages\/858\/revisions\/859"}],"wp:attachment":[{"href":"https:\/\/mobdia.com\/ro\/wp-json\/wp\/v2\/media?parent=858"}],"curies":[{"name":"wp","href":"https:\/\/api.w.org\/{rel}","templated":true}]}}