{"id":858,"date":"2023-06-30T22:35:40","date_gmt":"2023-06-30T22:35:40","guid":{"rendered":"https:\/\/mobdia.com\/?page_id=858"},"modified":"2023-06-30T22:35:40","modified_gmt":"2023-06-30T22:35:40","slug":"privatumo-politika","status":"publish","type":"page","link":"https:\/\/mobdia.com\/lt\/privatumo-politika\/","title":{"rendered":"Privatumo politika"},"content":{"rendered":"<p>Kai patenkama \u012f svetain\u0119\u00a0<a href=\"https:\/\/dicastutorial.com\/\">baldai<\/a>, sutinkate laikytis \u0161i\u0173 paslaug\u0173 teikimo s\u0105lyg\u0173, vis\u0173 taikom\u0173 \u012fstatym\u0173 ir taisykli\u0173 bei sutinkate, kad esate atsakingi u\u017e vis\u0173 taikom\u0173 vietini\u0173 \u012fstatym\u0173 laikym\u0105si. Jei nesutinkate su bet kuria i\u0161 \u0161i\u0173 s\u0105lyg\u0173, jums draud\u017eiama naudotis \u0161ia svetaine ar prie jos prieiti. \u0160ioje svetain\u0117je esanti med\u017eiaga yra saugoma galiojan\u010di\u0173 autori\u0173 teisi\u0173 ir preki\u0173 \u017eenkl\u0173 \u012fstatym\u0173.<\/p>\n\n\n\n<h3 class=\"wp-block-heading\">Suasmeninta reklama<\/h3>\n\n\n\n<p>Vartotojai gali atsisakyti suasmenintos reklamos apsilank\u0119 <a href=\"https:\/\/adssettings.google.com\/authenticated\">Skelbim\u0173 nustatymai<\/a>Arba galite nukreipti vartotojus \u012f svetain\u0119 <a href=\"https:\/\/optout.aboutads.info\/?c=2&amp;lang=ES\">www.aboutads.info<\/a> i\u0161jungti tre\u010di\u0173j\u0173 \u0161ali\u0173 suasmenint\u0173 reklamos slapuk\u0173 naudojim\u0105.<\/p>\n\n\n\n<h3 class=\"wp-block-heading\" id=\"2-uso-de-licenca\">2. Licencijos naudojimas<\/h3>\n\n\n\n<p>Suteikiamas leidimas laikinai atsisi\u0173sti vien\u0105 med\u017eiagos (informacijos ar programin\u0117s \u012frangos) kopij\u0105 i\u0161 \u201eDicas Tutorial\u201c svetain\u0117s, skirt\u0105 tik asmeniniam, nekomerciniam, trumpalaikiam per\u017ei\u016br\u0117jimui. Tai yra licencijos suteikimas, o ne nuosavyb\u0117s teis\u0117s perdavimas, ir pagal \u0161i\u0105 licencij\u0105 j\u016bs negalite:&nbsp;<\/p>\n\n\n\n<ol class=\"wp-block-list\">\n<li>keisti arba kopijuoti med\u017eiag\u0105;&nbsp;<\/li>\n\n\n\n<li>naudoti med\u017eiag\u0105 bet kokiais komerciniais tikslais arba vie\u0161ai rodyti (komerciniais ar nekomerciniais tikslais);&nbsp;<\/li>\n\n\n\n<li>bandyti dekompiliuoti arba atlikti atvirk\u0161tin\u0119 in\u017einerij\u0105 bet kokiai \u201eDicas Tutorial\u201c svetain\u0117je esan\u010diai programinei \u012frangai;&nbsp;<\/li>\n\n\n\n<li>pa\u0161alinti i\u0161 med\u017eiagos bet kokias autori\u0173 teises ar kitus nuosavyb\u0117s \u017eenklus; arba&nbsp;<\/li>\n\n\n\n<li>perduoti med\u017eiag\u0105 kitam asmeniui arba \u201eatspind\u0117ti\u201c med\u017eiag\u0105 bet kuriame kitame serveryje.<\/li>\n<\/ol>\n\n\n\n<p>\u0160i licencija bus automati\u0161kai nutraukta, jei pa\u017eeisite bet kur\u012f i\u0161 \u0161i\u0173 apribojim\u0173, ir \u201eDicas Tutorial\u201c gali j\u0105 bet kada nutraukti. Nustojus per\u017ei\u016br\u0117ti \u0161i\u0105 med\u017eiag\u0105 arba nutraukus \u0161i\u0105 licencij\u0105, privalote sunaikinti vis\u0105 turim\u0105 atsisi\u0173st\u0105 med\u017eiag\u0105, tiek elektronine, tiek spausdintine forma.<\/p>\n\n\n\n<h3 class=\"wp-block-heading\" id=\"3-isencao-de-responsabilidade\">3. Atsisakymas<\/h3>\n\n\n\n<ol class=\"wp-block-list\">\n<li>\u201eDicas Tutorial\u201c svetain\u0117je esanti med\u017eiaga pateikiama \u201etokia, kokia yra\u201c. \u201eDicas Tutorial\u201c nesuteikia joki\u0173 ai\u0161ki\u0173 ar numanom\u0173 garantij\u0173 ir atsisako bei paneigia visas kitas garantijas, \u012fskaitant, bet neapsiribojant, numanomas garantijas ar s\u0105lygas d\u0117l perkamumo, tinkamumo konkre\u010diam tikslui ar intelektin\u0117s nuosavyb\u0117s ar kit\u0173 teisi\u0173 nepa\u017eeidimo.<\/li>\n\n\n\n<li>Be to, \u201eDicas Tutorial\u201c negarantuoja ir neteikia joki\u0173 parei\u0161kim\u0173 d\u0117l savo svetain\u0117je esan\u010dios ar kitaip su tokia med\u017eiaga ar bet kuriose su \u0161ia svetaine susietose svetain\u0117se esan\u010dios med\u017eiagos tikslumo, tik\u0117tin\u0173 rezultat\u0173 ar patikimumo.<\/li>\n<\/ol>\n\n\n\n<h3 class=\"wp-block-heading\" id=\"4-limitacoes\">4. Apribojimai<\/h3>\n\n\n\n<p>Jokiu atveju \u201eDicas Tutorial\u201c ar jos tiek\u0117jai nebus atsakingi u\u017e joki\u0105 \u017eal\u0105 (\u012fskaitant, bet neapsiribojant, \u017eal\u0105 d\u0117l duomen\u0173 ar pelno praradimo arba d\u0117l verslo sutrikdymo), atsiradusi\u0105 d\u0117l \u201eDicas Tutorial\u201c med\u017eiagos naudojimo ar negal\u0117jimo jos naudoti, net jei \u201eDicas Tutorial\u201c ar \u012fgaliotas \u201eDicas Tutorial\u201c atstovas buvo \u017eod\u017eiu ar ra\u0161tu informuotas apie tokios \u017ealos galimyb\u0119. Kadangi kai kuriose jurisdikcijose neleid\u017eiama riboti numanom\u0173 garantij\u0173 ar atsakomyb\u0117s u\u017e pasekmin\u0119 ar atsitiktin\u0119 \u017eal\u0105, \u0161ie apribojimai jums gali b\u016bti netaikomi.<\/p>\n\n\n\n<h3 class=\"wp-block-heading\" id=\"5-precisao-dos-materiais\">5. Med\u017eiag\u0173 tikslumas<\/h3>\n\n\n\n<p>\u201eDicas Tutorial\u201c svetain\u0117je pateikiamoje med\u017eiagoje gali b\u016bti technini\u0173, spausdinimo ar fotografijos klaid\u0173. \u201eDicas Tutorial\u201c negarantuoja, kad bet kokia jos svetain\u0117je pateikta med\u017eiaga yra tiksli, i\u0161sami ar aktuali. \u201eDicas Tutorial\u201c gali bet kada be \u012fsp\u0117jimo keisti savo svetain\u0117je esan\u010di\u0105 med\u017eiag\u0105. Ta\u010diau \u201eDicas Tutorial\u201c ne\u012fsipareigoja atnaujinti med\u017eiagos.<\/p>\n\n\n\n<h3 class=\"wp-block-heading\" id=\"6-links\">6. Nuorodos<\/h3>\n\n\n\n<p>\u201eDicas Tutorial\u201c neper\u017ei\u016br\u0117jo vis\u0173 svetaini\u0173, \u012f kurias pateikiamos nuorodos \u012f jos svetain\u0119, ir neatsako u\u017e joki\u0173 susiet\u0173 svetaini\u0173 turin\u012f. Bet kokios nuorodos \u012ftraukimas nerei\u0161kia, kad \u201eDicas Tutorial\u201c pritaria svetainei. Bet kokia susieta svetaine naudojasi naudotojas savo rizika.<\/p>\n\n\n\n<h3 class=\"wp-block-heading\" id=\"modificacoes\">Modifikacijos<\/h3>\n\n\n\n<p>\u201eDicas Tutorial\u201c gali bet kada be \u012fsp\u0117jimo per\u017ei\u016br\u0117ti \u0161ias savo svetain\u0117s paslaug\u0173 teikimo s\u0105lygas. Naudodamiesi \u0161ia svetaine, j\u016bs sutinkate laikytis dabartin\u0117s \u0161i\u0173 paslaug\u0173 teikimo s\u0105lyg\u0173 versijos.<\/p>\n\n\n\n<h3 class=\"wp-block-heading\" id=\"lei-aplicavel\">Taikytina teis\u0117<\/h3>\n\n\n\n<p>\u0160ioms s\u0105lygoms taikoma ir jos ai\u0161kinamos pagal \u201eDicas Tutorial\u201c \u012fstatymus, ir j\u016bs neat\u0161aukiamai sutinkate su i\u0161imtine tos valstijos ar vietov\u0117s teism\u0173 jurisdikcija.<\/p>","protected":false},"excerpt":{"rendered":"<p>Ao acessar ao site\u00a0mobdia, concorda em cumprir estes termos de servi\u00e7o, todas as leis e regulamentos aplic\u00e1veis \u200b\u200be concorda que \u00e9 respons\u00e1vel pelo cumprimento de todas as leis locais aplic\u00e1veis. Se voc\u00ea n\u00e3o concordar com algum desses termos, est\u00e1 proibido de usar ou acessar este site. Os materiais contidos neste site s\u00e3o protegidos pelas leis [&hellip;]<\/p>","protected":false},"author":1,"featured_media":0,"parent":0,"menu_order":0,"comment_status":"closed","ping_status":"closed","template":"","meta":{"footnotes":""},"class_list":["post-858","page","type-page","status-publish"],"_links":{"self":[{"href":"https:\/\/mobdia.com\/lt\/wp-json\/wp\/v2\/pages\/858","targetHints":{"allow":["GET"]}}],"collection":[{"href":"https:\/\/mobdia.com\/lt\/wp-json\/wp\/v2\/pages"}],"about":[{"href":"https:\/\/mobdia.com\/lt\/wp-json\/wp\/v2\/types\/page"}],"author":[{"embeddable":true,"href":"https:\/\/mobdia.com\/lt\/wp-json\/wp\/v2\/users\/1"}],"replies":[{"embeddable":true,"href":"https:\/\/mobdia.com\/lt\/wp-json\/wp\/v2\/comments?post=858"}],"version-history":[{"count":1,"href":"https:\/\/mobdia.com\/lt\/wp-json\/wp\/v2\/pages\/858\/revisions"}],"predecessor-version":[{"id":859,"href":"https:\/\/mobdia.com\/lt\/wp-json\/wp\/v2\/pages\/858\/revisions\/859"}],"wp:attachment":[{"href":"https:\/\/mobdia.com\/lt\/wp-json\/wp\/v2\/media?parent=858"}],"curies":[{"name":"wp","href":"https:\/\/api.w.org\/{rel}","templated":true}]}}