{"id":858,"date":"2023-06-30T22:35:40","date_gmt":"2023-06-30T22:35:40","guid":{"rendered":"https:\/\/mobdia.com\/?page_id=858"},"modified":"2023-06-30T22:35:40","modified_gmt":"2023-06-30T22:35:40","slug":"%ea%b0%9c%ec%9d%b8%ec%a0%95%eb%b3%b4-%eb%b3%b4%ed%98%b8%ec%a0%95%ec%b1%85","status":"publish","type":"page","link":"https:\/\/mobdia.com\/ko\/%ea%b0%9c%ec%9d%b8%ec%a0%95%eb%b3%b4-%eb%b3%b4%ed%98%b8%ec%a0%95%ec%b1%85\/","title":{"rendered":"\uac1c\uc778\uc815\ubcf4 \ubcf4\ud638\uc815\ucc45"},"content":{"rendered":"<p>\uc6f9\uc0ac\uc774\ud2b8 \uc811\uc18d \uc2dc\u00a0<a href=\"https:\/\/dicastutorial.com\/\">\uac00\uad6c<\/a>\ubcf8 \uc11c\ube44\uc2a4 \uc57d\uad00 \ubc0f \ubaa8\ub4e0 \uad00\ub828 \ubc95\ub960\uacfc \uaddc\uc815\uc744 \uc900\uc218\ud558\ub294 \ub370 \ub3d9\uc758\ud558\uba70, \ubaa8\ub4e0 \uad00\ub828 \ud604\uc9c0 \ubc95\ub960\uc744 \uc900\uc218\ud560 \ucc45\uc784\uc774 \uc788\uc74c\uc5d0 \ub3d9\uc758\ud569\ub2c8\ub2e4. \ubcf8 \uc57d\uad00\uc5d0 \ub3d9\uc758\ud558\uc9c0 \uc54a\uc744 \uacbd\uc6b0, \ubcf8 \uc0ac\uc774\ud2b8\ub97c \uc774\uc6a9\ud558\uac70\ub098 \uc811\uc18d\ud560 \uc218 \uc5c6\uc2b5\ub2c8\ub2e4. \ubcf8 \uc0ac\uc774\ud2b8\uc5d0 \ud3ec\ud568\ub41c \uc790\ub8cc\ub294 \uad00\ub828 \uc800\uc791\uad8c \ubc0f \uc0c1\ud45c\ubc95\uc758 \ubcf4\ud638\ub97c \ubc1b\uc2b5\ub2c8\ub2e4.<\/p>\n\n\n\n<h3 class=\"wp-block-heading\">\uac1c\uc778\ud654\ub41c \uad11\uace0<\/h3>\n\n\n\n<p>\uc0ac\uc6a9\uc790\ub294 \ub2e4\uc74c\uc744 \ubc29\ubb38\ud558\uc5ec \uac1c\uc778\ud654\ub41c \uad11\uace0\ub97c \uac70\ubd80\ud560 \uc218 \uc788\uc2b5\ub2c8\ub2e4. <a href=\"https:\/\/adssettings.google.com\/authenticated\">\uad11\uace0 \uc124\uc815<\/a>\ub610\ub294 \uc0ac\uc6a9\uc790\uc5d0\uac8c \uc6f9\uc0ac\uc774\ud2b8\uc5d0 \uc811\uc18d\ud558\ub3c4\ub85d \uc9c0\uc2dc\ud560 \uc218 \uc788\uc2b5\ub2c8\ub2e4. <a href=\"https:\/\/optout.aboutads.info\/?c=2&amp;lang=ES\">www.aboutads.info<\/a> \uc81c3\uc790\uc758 \uac1c\uc778\ud654\ub41c \uad11\uace0 \ucfe0\ud0a4 \uc0ac\uc6a9\uc744 \uac70\ubd80\ud569\ub2c8\ub2e4.<\/p>\n\n\n\n<h3 class=\"wp-block-heading\" id=\"2-uso-de-licenca\">2. \uc0ac\uc6a9\uad8c<\/h3>\n\n\n\n<p>Dicas Tutorial \uc6f9\uc0ac\uc774\ud2b8\uc758 \uc790\ub8cc(\uc815\ubcf4 \ub610\ub294 \uc18c\ud504\ud2b8\uc6e8\uc5b4)\ub97c \uac1c\uc778\uc801\uc774\uace0 \ube44\uc0c1\uc5c5\uc801\uc778 \ubaa9\uc801\uc73c\ub85c \uc77c\uc2dc\uc801\uc73c\ub85c \ud55c \ubd80\ub9cc \ub2e4\uc6b4\ub85c\ub4dc\ud560 \uc218 \uc788\ub294 \uad8c\ud55c\uc774 \ubd80\uc5ec\ub429\ub2c8\ub2e4. \uc774\ub294 \uc18c\uc720\uad8c \uc774\uc804\uc774 \uc544\ub2cc \ub77c\uc774\uc120\uc2a4 \ubd80\uc5ec\uc774\uba70, \uc774 \ub77c\uc774\uc120\uc2a4\uc5d0 \ub530\ub77c \uadc0\ud558\ub294 \ub2e4\uc74c\uacfc \uac19\uc740 \ud589\uc704\ub97c \ud560 \uc218 \uc5c6\uc2b5\ub2c8\ub2e4.&nbsp;<\/p>\n\n\n\n<ol class=\"wp-block-list\">\n<li>\uc790\ub8cc\ub97c \uc218\uc815\ud558\uac70\ub098 \ubcf5\uc0ac\ud569\ub2c8\ub2e4.&nbsp;<\/li>\n\n\n\n<li>\uc0c1\uc5c5\uc801 \ubaa9\uc801\uc774\ub098 \ub300\uc911 \uacf5\uac1c(\uc0c1\uc5c5\uc801\uc774\ub4e0 \ube44\uc0c1\uc5c5\uc801\uc774\ub4e0)\ub97c \uc704\ud574 \uc790\ub8cc\ub97c \uc0ac\uc6a9\ud560 \uc218 \uc5c6\uc2b5\ub2c8\ub2e4.&nbsp;<\/li>\n\n\n\n<li>Dicas Tutorial \uc6f9\uc0ac\uc774\ud2b8\uc5d0 \ud3ec\ud568\ub41c \uc18c\ud504\ud2b8\uc6e8\uc5b4\ub97c \ub514\ucef4\ud30c\uc77c\ud558\uac70\ub098 \ub9ac\ubc84\uc2a4 \uc5d4\uc9c0\ub2c8\uc5b4\ub9c1\ud558\ub824\ub294 \uc2dc\ub3c4&nbsp;<\/li>\n\n\n\n<li>\uc790\ub8cc\uc5d0\uc11c \uc800\uc791\uad8c \ub610\ub294 \uae30\ud0c0 \uc18c\uc720\uad8c \ud45c\uc2dc\ub97c \uc81c\uac70\ud558\uac70\ub098&nbsp;<\/li>\n\n\n\n<li>\ud574\ub2f9 \uc790\ub8cc\ub97c \ub2e4\ub978 \uc0ac\ub78c\uc5d0\uac8c \uc804\uc1a1\ud558\uac70\ub098 \ub2e4\ub978 \uc11c\ubc84\uc5d0 \ud574\ub2f9 \uc790\ub8cc\ub97c &#039;\ubbf8\ub7ec\ub9c1&#039;\ud560 \uc218 \uc5c6\uc2b5\ub2c8\ub2e4.<\/li>\n<\/ol>\n\n\n\n<p>\uadc0\ud558\uac00 \uc774\ub7ec\ud55c \uc81c\ud55c \uc0ac\ud56d\uc744 \uc704\ubc18\ud560 \uacbd\uc6b0 \ubcf8 \ub77c\uc774\uc120\uc2a4\ub294 \uc790\ub3d9\uc73c\ub85c \uc885\ub8cc\ub418\uba70, Dicas Tutorial\uc740 \uc5b8\uc81c\ub4e0\uc9c0 \ub77c\uc774\uc120\uc2a4\ub97c \uc885\ub8cc\ud560 \uc218 \uc788\uc2b5\ub2c8\ub2e4. \uc790\ub8cc \uc5f4\ub78c\uc744 \uc885\ub8cc\ud558\uac70\ub098 \ubcf8 \ub77c\uc774\uc120\uc2a4\uac00 \uc885\ub8cc\ub418\ub294 \uacbd\uc6b0, \uadc0\ud558\ub294 \uc804\uc790 \ud615\uc2dd\uc774\ub4e0 \uc778\uc1c4 \ud615\uc2dd\uc774\ub4e0 \uadc0\ud558\uac00 \uc18c\uc9c0\ud558\uace0 \uc788\ub294 \ubaa8\ub4e0 \ub2e4\uc6b4\ub85c\ub4dc \uc790\ub8cc\ub97c \ud30c\uae30\ud574\uc57c \ud569\ub2c8\ub2e4.<\/p>\n\n\n\n<h3 class=\"wp-block-heading\" id=\"3-isencao-de-responsabilidade\">3. \uba74\ucc45 \uc870\ud56d<\/h3>\n\n\n\n<ol class=\"wp-block-list\">\n<li>Dicas Tutorial \uc6f9\uc0ac\uc774\ud2b8\uc758 \uc790\ub8cc\ub294 &#039;\uc788\ub294 \uadf8\ub300\ub85c&#039; \uc81c\uacf5\ub429\ub2c8\ub2e4. Dicas Tutorial\uc740 \uba85\uc2dc\uc801\uc774\ub4e0 \ubb35\uc2dc\uc801\uc774\ub4e0 \uc5b4\ub5a0\ud55c \ubcf4\uc99d\ub3c4 \ud558\uc9c0 \uc54a\uc73c\uba70, \uc0c1\ud488\uc131, \ud2b9\uc815 \ubaa9\uc801\uc5d0\uc758 \uc801\ud569\uc131, \uc9c0\uc801 \uc7ac\uc0b0\uad8c\uc758 \ube44\uce68\ud574 \ub610\ub294 \uae30\ud0c0 \uad8c\ub9ac \uce68\ud574\uc5d0 \ub300\ud55c \ubb35\uc2dc\uc801 \ubcf4\uc99d\uc774\ub098 \uc870\uac74\uc744 \ud3ec\ud568\ud558\ub418 \uc774\uc5d0 \uad6d\ud55c\ub418\uc9c0 \uc54a\ub294 \ubaa8\ub4e0 \uae30\ud0c0 \ubcf4\uc99d\uc744 \ubd80\uc778\ud558\uace0 \uac70\ubd80\ud569\ub2c8\ub2e4.<\/li>\n\n\n\n<li>\ub610\ud55c, Dicas Tutorial\uc740 \uc790\uc0ac \uc6f9\uc0ac\uc774\ud2b8\uc758 \uc790\ub8cc \uc0ac\uc6a9\uc774\ub098 \uadf8\ub7ec\ud55c \uc790\ub8cc\uc640 \uad00\ub828\ub41c \uc790\ub8cc \ub610\ub294 \uc774 \uc0ac\uc774\ud2b8\uc5d0 \ub9c1\ud06c\ub41c \ub2e4\ub978 \uc0ac\uc774\ud2b8\uc758 \uc790\ub8cc\uc758 \uc815\ud655\uc131, \uc608\uc0c1 \uacb0\uacfc \ub610\ub294 \uc2e0\ub8b0\uc131\uc5d0 \ub300\ud574 \ubcf4\uc99d\ud558\uac70\ub098 \uc5b4\ub5a0\ud55c \uc9c4\uc220\ub3c4 \ud558\uc9c0 \uc54a\uc2b5\ub2c8\ub2e4.<\/li>\n<\/ol>\n\n\n\n<h3 class=\"wp-block-heading\" id=\"4-limitacoes\">4. \uc81c\ud55c \uc0ac\ud56d<\/h3>\n\n\n\n<p>\uc5b4\ub5a0\ud55c \uacbd\uc6b0\uc5d0\ub3c4 Dicas Tutorial \ub610\ub294 \uadf8 \uacf5\uae09\uc5c5\uccb4\ub294 Dicas Tutorial \uc790\ub8cc\uc758 \uc0ac\uc6a9 \ub610\ub294 \uc0ac\uc6a9 \ubd88\uac00\ub85c \uc778\ud574 \ubc1c\uc0dd\ud558\ub294 \uc190\ud574(\ub370\uc774\ud130 \ub610\ub294 \uc774\uc775 \uc190\uc2e4, \uc5c5\ubb34 \uc911\ub2e8\uc73c\ub85c \uc778\ud55c \uc190\ud574 \ud3ec\ud568)\uc5d0 \ub300\ud574 \ucc45\uc784\uc744 \uc9c0\uc9c0 \uc54a\uc2b5\ub2c8\ub2e4. \uc774\ub294 Dicas Tutorial \ub610\ub294 Dicas Tutorial\uc758 \uacf5\uc778 \ub2f4\ub2f9\uc790\uc5d0\uac8c \uadf8\ub7ec\ud55c \uc190\ud574 \uac00\ub2a5\uc131\uc744 \uad6c\ub450 \ub610\ub294 \uc11c\uba74\uc73c\ub85c \ud1b5\uc9c0\ud55c \uacbd\uc6b0\uc5d0\ub3c4 \ub9c8\ucc2c\uac00\uc9c0\uc785\ub2c8\ub2e4. \uc77c\ubd80 \uad00\ud560\uad8c\uc5d0\uc11c\ub294 \ubb35\uc2dc\uc801 \ubcf4\uc99d\uc5d0 \ub300\ud55c \uc81c\ud55c\uc774\ub098 \uacb0\uacfc\uc801 \ub610\ub294 \ubd80\uc218\uc801 \uc190\ud574\uc5d0 \ub300\ud55c \ucc45\uc784 \uc81c\ud55c\uc744 \ud5c8\uc6a9\ud558\uc9c0 \uc54a\uc73c\ubbc0\ub85c, \uc774\ub7ec\ud55c \uc81c\ud55c\uc774 \uadc0\ud558\uc5d0\uac8c \uc801\uc6a9\ub418\uc9c0 \uc54a\uc744 \uc218 \uc788\uc2b5\ub2c8\ub2e4.<\/p>\n\n\n\n<h3 class=\"wp-block-heading\" id=\"5-precisao-dos-materiais\">5. \uc7ac\ub8cc\uc758 \uc815\ud655\uc131<\/h3>\n\n\n\n<p>Dicas Tutorial \uc6f9\uc0ac\uc774\ud2b8\uc5d0 \uac8c\uc2dc\ub41c \uc790\ub8cc\uc5d0\ub294 \uae30\uc220\uc801, \uc778\uc1c4\uc801 \ub610\ub294 \uc0ac\uc9c4\uc801 \uc624\ub958\uac00 \ud3ec\ud568\ub420 \uc218 \uc788\uc2b5\ub2c8\ub2e4. Dicas Tutorial\uc740 \uc6f9\uc0ac\uc774\ud2b8\uc5d0 \uac8c\uc2dc\ub41c \uc790\ub8cc\uc758 \uc815\ud655\uc131, \uc644\uc804\uc131 \ub610\ub294 \ucd5c\uc2e0\uc131\uc744 \ubcf4\uc7a5\ud558\uc9c0 \uc54a\uc2b5\ub2c8\ub2e4. Dicas Tutorial\uc740 \uc0ac\uc804 \ud1b5\uc9c0 \uc5c6\uc774 \uc5b8\uc81c\ub4e0\uc9c0 \uc6f9\uc0ac\uc774\ud2b8\uc5d0 \ud3ec\ud568\ub41c \uc790\ub8cc\ub97c \ubcc0\uacbd\ud560 \uc218 \uc788\uc2b5\ub2c8\ub2e4. \uadf8\ub7ec\ub098 Dicas Tutorial\uc740 \uc790\ub8cc\ub97c \uc5c5\ub370\uc774\ud2b8\ud560 \uc758\ubb34\ub97c \uc9c0\uc9c0 \uc54a\uc2b5\ub2c8\ub2e4.<\/p>\n\n\n\n<h3 class=\"wp-block-heading\" id=\"6-links\">6. \ub9c1\ud06c<\/h3>\n\n\n\n<p>Dicas Tutorial\uc740 \uc6f9\uc0ac\uc774\ud2b8\uc5d0 \ub9c1\ud06c\ub41c \ubaa8\ub4e0 \uc0ac\uc774\ud2b8\ub97c \uac80\ud1a0\ud558\uc9c0 \uc54a\uc558\uc73c\uba70, \ub9c1\ud06c\ub41c \uc0ac\uc774\ud2b8\uc758 \ucf58\ud150\uce20\uc5d0 \ub300\ud574 \ucc45\uc784\uc744 \uc9c0\uc9c0 \uc54a\uc2b5\ub2c8\ub2e4. \ub9c1\ud06c\uac00 \ud3ec\ud568\ub418\uc5b4 \uc788\ub2e4\uace0 \ud574\uc11c Dicas Tutorial\uc774 \ud574\ub2f9 \uc0ac\uc774\ud2b8\ub97c \ubcf4\uc99d\ud558\ub294 \uac83\uc740 \uc544\ub2d9\ub2c8\ub2e4. \ub9c1\ud06c\ub41c \uc0ac\uc774\ud2b8\uc758 \uc0ac\uc6a9\uc740 \uc0ac\uc6a9\uc790 \ubcf8\uc778\uc758 \ucc45\uc784\uc785\ub2c8\ub2e4.<\/p>\n\n\n\n<h3 class=\"wp-block-heading\" id=\"modificacoes\">\uc218\uc815 \uc0ac\ud56d<\/h3>\n\n\n\n<p>Dicas Tutorial\uc740 \uc5b8\uc81c\ub4e0\uc9c0 \uc0ac\uc804 \uace0\uc9c0 \uc5c6\uc774 \uc6f9\uc0ac\uc774\ud2b8 \uc774\uc6a9 \uc57d\uad00\uc744 \uac1c\uc815\ud560 \uc218 \uc788\uc2b5\ub2c8\ub2e4. \uc774 \uc6f9\uc0ac\uc774\ud2b8\ub97c \uc774\uc6a9\ud568\uc73c\ub85c\uc368 \uadc0\ud558\ub294 \ubcf8 \uc774\uc6a9 \uc57d\uad00\uc758 \ucd5c\uc2e0 \ubc84\uc804\uc744 \uc900\uc218\ud558\ub294 \ub370 \ub3d9\uc758\ud569\ub2c8\ub2e4.<\/p>\n\n\n\n<h3 class=\"wp-block-heading\" id=\"lei-aplicavel\">\uc801\uc6a9\ubc95\ub960<\/h3>\n\n\n\n<p>\ubcf8 \uc774\uc6a9 \uc57d\uad00\uc740 Dicas Tutorial\uc758 \ubc95\ub960\uc5d0 \ub530\ub77c \uad00\ub9ac\ub418\uace0 \ud574\uc11d\ub418\uba70, \uadc0\ud558\ub294 \ucde8\uc18c \ubd88\uac00\ub2a5\ud558\uac8c \ud574\ub2f9 \uc8fc \ub610\ub294 \uc9c0\uc5ed\uc758 \ubc95\uc6d0\uc758 \uc804\uc18d \uad00\ud560\uad8c\uc5d0 \ubcf5\uc885\ud569\ub2c8\ub2e4.<\/p>","protected":false},"excerpt":{"rendered":"<p>Ao acessar ao site\u00a0mobdia, concorda em cumprir estes termos de servi\u00e7o, todas as leis e regulamentos aplic\u00e1veis \u200b\u200be concorda que \u00e9 respons\u00e1vel pelo cumprimento de todas as leis locais aplic\u00e1veis. Se voc\u00ea n\u00e3o concordar com algum desses termos, est\u00e1 proibido de usar ou acessar este site. Os materiais contidos neste site s\u00e3o protegidos pelas leis [&hellip;]<\/p>","protected":false},"author":1,"featured_media":0,"parent":0,"menu_order":0,"comment_status":"closed","ping_status":"closed","template":"","meta":{"footnotes":""},"class_list":["post-858","page","type-page","status-publish"],"_links":{"self":[{"href":"https:\/\/mobdia.com\/ko\/wp-json\/wp\/v2\/pages\/858","targetHints":{"allow":["GET"]}}],"collection":[{"href":"https:\/\/mobdia.com\/ko\/wp-json\/wp\/v2\/pages"}],"about":[{"href":"https:\/\/mobdia.com\/ko\/wp-json\/wp\/v2\/types\/page"}],"author":[{"embeddable":true,"href":"https:\/\/mobdia.com\/ko\/wp-json\/wp\/v2\/users\/1"}],"replies":[{"embeddable":true,"href":"https:\/\/mobdia.com\/ko\/wp-json\/wp\/v2\/comments?post=858"}],"version-history":[{"count":1,"href":"https:\/\/mobdia.com\/ko\/wp-json\/wp\/v2\/pages\/858\/revisions"}],"predecessor-version":[{"id":859,"href":"https:\/\/mobdia.com\/ko\/wp-json\/wp\/v2\/pages\/858\/revisions\/859"}],"wp:attachment":[{"href":"https:\/\/mobdia.com\/ko\/wp-json\/wp\/v2\/media?parent=858"}],"curies":[{"name":"wp","href":"https:\/\/api.w.org\/{rel}","templated":true}]}}