{"id":860,"date":"2023-06-30T22:38:26","date_gmt":"2023-06-30T22:38:26","guid":{"rendered":"https:\/\/mobdia.com\/?page_id=860"},"modified":"2023-06-30T22:38:26","modified_gmt":"2023-06-30T22:38:26","slug":"termos-de-uso","status":"publish","type":"page","link":"https:\/\/mobdia.com\/ja\/termos-de-uso\/","title":{"rendered":"\u5229\u7528\u898f\u7d04"},"content":{"rendered":"<h3 class=\"wp-block-heading\" id=\"1-termos\">1. Termos<\/h3>\n\n\n\n<p>\u30a6\u30a7\u30d6\u30b5\u30a4\u30c8\u306b\u30a2\u30af\u30bb\u30b9\u3059\u308b\u969b\u00a0<a href=\"https:\/\/mobdia.com\/\">Mob Dia<\/a>\u306f\u3001\u672c\u5229\u7528\u898f\u7d04\u304a\u3088\u3073\u9069\u7528\u3055\u308c\u308b\u3059\u3079\u3066\u306e\u6cd5\u5f8b\u304a\u3088\u3073\u898f\u5236\u3092\u9075\u5b88\u3059\u308b\u3053\u3068\u306b\u540c\u610f\u3057\u3001\u9069\u7528\u3055\u308c\u308b\u3059\u3079\u3066\u306e\u73fe\u5730\u6cd5\u306e\u9075\u5b88\u306b\u8cac\u4efb\u3092\u8ca0\u3046\u3053\u3068\u306b\u540c\u610f\u3057\u307e\u3059\u3002\u672c\u898f\u7d04\u306e\u3044\u305a\u308c\u304b\u306b\u540c\u610f\u3044\u305f\u3060\u3051\u306a\u3044\u5834\u5408\u3001\u672c\u30b5\u30a4\u30c8\u306e\u5229\u7528\u307e\u305f\u306f\u30a2\u30af\u30bb\u30b9\u306f\u7981\u6b62\u3055\u308c\u307e\u3059\u3002\u672c\u30b5\u30a4\u30c8\u306b\u542b\u307e\u308c\u308b\u8cc7\u6599\u306f\u3001\u9069\u7528\u3055\u308c\u308b\u8457\u4f5c\u6a29\u6cd5\u304a\u3088\u3073\u5546\u6a19\u6cd5\u306b\u3088\u3063\u3066\u4fdd\u8b77\u3055\u308c\u3066\u3044\u307e\u3059\u3002<\/p>\n\n\n\n<h3 class=\"wp-block-heading\" id=\"2-uso-de-licenca\">2. \u4f7f\u7528\u30e9\u30a4\u30bb\u30f3\u30b9<\/h3>\n\n\n\n<p>\u00c9 concedida permiss\u00e3o para baixar temporariamente uma c\u00f3pia dos materiais (informa\u00e7\u00f5es ou software) no site Mob dia, apenas para visualiza\u00e7\u00e3o transit\u00f3ria pessoal e n\u00e3o comercial. Esta \u00e9 a concess\u00e3o de uma licen\u00e7a, n\u00e3o uma transfer\u00eancia de t\u00edtulo e, sob esta licen\u00e7a, voc\u00ea n\u00e3o pode:\u00a0<\/p>\n\n\n\n<ol class=\"wp-block-list\">\n<li>\u8cc7\u6599\u3092\u5909\u66f4\u307e\u305f\u306f\u30b3\u30d4\u30fc\u3059\u308b;&nbsp;<\/li>\n\n\n\n<li>\u7d20\u6750\u3092\u5546\u696d\u76ee\u7684\u3001\u307e\u305f\u306f\u516c\u306e\u5834\u3067\u306e\u5c55\u793a\uff08\u5546\u696d\u7684\u307e\u305f\u306f\u975e\u5546\u696d\u7684\uff09\u306b\u4f7f\u7528\u3059\u308b\u3053\u3068\u3002&nbsp;<\/li>\n\n\n\n<li>tentar descompilar ou fazer engenharia reversa de qualquer software contido no site Mob dia;\u00a0<\/li>\n\n\n\n<li>\u8cc7\u6599\u304b\u3089\u8457\u4f5c\u6a29\u307e\u305f\u306f\u305d\u306e\u4ed6\u306e\u6240\u6709\u6a29\u8868\u793a\u3092\u524a\u9664\u3059\u308b;\u307e\u305f\u306f&nbsp;<\/li>\n\n\n\n<li>\u8cc7\u6599\u3092\u4ed6\u306e\u4eba\u306b\u8ee2\u9001\u3057\u305f\u308a\u3001\u4ed6\u306e\u30b5\u30fc\u30d0\u30fc\u306b\u8cc7\u6599\u3092\u300c\u30df\u30e9\u30fc\u30ea\u30f3\u30b0\u300d\u3057\u305f\u308a\u3059\u308b\u3053\u3068\u306f\u3067\u304d\u307e\u305b\u3093\u3002<\/li>\n<\/ol>\n\n\n\n<p>Esta licen\u00e7a ser\u00e1 automaticamente rescindida se voc\u00ea violar alguma dessas restri\u00e7\u00f5es e poder\u00e1 ser rescindida por Mob dia a qualquer momento. Ao encerrar a visualiza\u00e7\u00e3o desses materiais ou ap\u00f3s o t\u00e9rmino desta licen\u00e7a, voc\u00ea deve apagar todos os materiais baixados em sua posse, seja em formato eletr\u00f3nico ou impresso.<\/p>\n\n\n\n<h3 class=\"wp-block-heading\" id=\"3-isencao-de-responsabilidade\">3. \u514d\u8cac\u4e8b\u9805<\/h3>\n\n\n\n<ol class=\"wp-block-list\">\n<li>Os materiais no site da Mob dia s\u00e3o fornecidos \u2018como est\u00e3o\u2019. Mob dia n\u00e3o oferece garantias, expressas ou impl\u00edcitas, e, por este meio, isenta e nega todas as outras garantias, incluindo, sem limita\u00e7\u00e3o, garantias impl\u00edcitas ou condi\u00e7\u00f5es de comercializa\u00e7\u00e3o, adequa\u00e7\u00e3o a um fim espec\u00edfico ou n\u00e3o viola\u00e7\u00e3o de propriedade intelectual ou outra viola\u00e7\u00e3o de direitos.<\/li>\n\n\n\n<li>Al\u00e9m disso, o Mob dia n\u00e3o garante ou faz qualquer representa\u00e7\u00e3o relativa \u00e0 precis\u00e3o, aos resultados prov\u00e1veis \u200b\u200bou \u00e0 confiabilidade do uso dos materiais em seu site ou de outra forma relacionado a esses materiais ou em sites vinculados a este site.<\/li>\n<\/ol>\n\n\n\n<h3 class=\"wp-block-heading\" id=\"4-limitacoes\">4. \u5236\u9650\u4e8b\u9805<\/h3>\n\n\n\n<p>Em nenhum caso o Mob dia ou seus fornecedores ser\u00e3o respons\u00e1veis \u200b\u200bpor quaisquer danos (incluindo, sem limita\u00e7\u00e3o, danos por perda de dados ou lucro ou devido a interrup\u00e7\u00e3o dos neg\u00f3cios) decorrentes do uso ou da incapacidade de usar os materiais em Mob dia, mesmo que Mob dia ou um representante autorizado da Mob dia tenha sido notificado oralmente ou por escrito da possibilidade de tais danos. Como algumas jurisdi\u00e7\u00f5es n\u00e3o permitem limita\u00e7\u00f5es em garantias impl\u00edcitas, ou limita\u00e7\u00f5es de responsabilidade por danos consequentes ou incidentais, essas limita\u00e7\u00f5es podem n\u00e3o se aplicar a voc\u00ea.<\/p>\n\n\n\n<h3 class=\"wp-block-heading\" id=\"5-precisao-dos-materiais\">5. \u6750\u6599\u306e\u6b63\u78ba\u3055<\/h3>\n\n\n\n<p>Os materiais exibidos no site da Mob dia podem incluir erros t\u00e9cnicos, tipogr\u00e1ficos ou fotogr\u00e1ficos. Mob dia n\u00e3o garante que qualquer material em seu site seja preciso, completo ou atual. Mob dia pode fazer altera\u00e7\u00f5es nos materiais contidos em seu site a qualquer momento, sem aviso pr\u00e9vio. No entanto, Mob dia n\u00e3o se compromete a atualizar os materiais.<\/p>\n\n\n\n<h3 class=\"wp-block-heading\" id=\"6-links\">6. \u30ea\u30f3\u30af<\/h3>\n\n\n\n<p>O Mob dia n\u00e3o analisou todos os sites vinculados ao seu site e n\u00e3o \u00e9 respons\u00e1vel pelo conte\u00fado de nenhum site vinculado. A inclus\u00e3o de qualquer link n\u00e3o implica endosso por Mob dia do site. O uso de qualquer site vinculado \u00e9 por conta e risco do usu\u00e1rio.<\/p>\n\n\n\n<h3 class=\"wp-block-heading\" id=\"modificacoes\">\u5909\u66f4\u70b9<\/h3>\n\n\n\n<p>O Mob dia pode revisar estes termos de servi\u00e7o do site a qualquer momento, sem aviso pr\u00e9vio. Ao usar este site, voc\u00ea concorda em ficar vinculado \u00e0 vers\u00e3o atual desses termos de servi\u00e7o.<\/p>\n\n\n\n<h3 class=\"wp-block-heading\" id=\"lei-aplicavel\">\u9069\u7528\u6cd5<\/h3>\n\n\n\n<p>Estes termos e condi\u00e7\u00f5es s\u00e3o regidos e interpretados de acordo com as leis do Mob dia e voc\u00ea se submete irrevogavelmente \u00e0 jurisdi\u00e7\u00e3o exclusiva dos tribunais naquele estado ou localidade.<\/p>","protected":false},"excerpt":{"rendered":"<p>1. Termos Ao acessar ao site\u00a0Mob Dia, concorda em cumprir estes termos de servi\u00e7o, todas as leis e regulamentos aplic\u00e1veis \u200b\u200be concorda que \u00e9 respons\u00e1vel pelo cumprimento de todas as leis locais aplic\u00e1veis. Se voc\u00ea n\u00e3o concordar com algum desses termos, est\u00e1 proibido de usar ou acessar este site. Os materiais contidos neste site s\u00e3o protegidos pelas leis de direitos autorais e marcas comerciais aplic\u00e1veis. 2. Uso de Licen\u00e7a \u00c9 concedida permiss\u00e3o para baixar temporariamente uma c\u00f3pia dos materiais (informa\u00e7\u00f5es ou software) no site Mob dia, apenas para visualiza\u00e7\u00e3o transit\u00f3ria pessoal e n\u00e3o comercial. Esta \u00e9 a concess\u00e3o de uma licen\u00e7a, n\u00e3o uma transfer\u00eancia de t\u00edtulo e, sob esta licen\u00e7a, [&hellip;]<\/p>","protected":false},"author":1,"featured_media":0,"parent":0,"menu_order":0,"comment_status":"closed","ping_status":"closed","template":"","meta":{"footnotes":""},"class_list":["post-860","page","type-page","status-publish"],"_links":{"self":[{"href":"https:\/\/mobdia.com\/ja\/wp-json\/wp\/v2\/pages\/860","targetHints":{"allow":["GET"]}}],"collection":[{"href":"https:\/\/mobdia.com\/ja\/wp-json\/wp\/v2\/pages"}],"about":[{"href":"https:\/\/mobdia.com\/ja\/wp-json\/wp\/v2\/types\/page"}],"author":[{"embeddable":true,"href":"https:\/\/mobdia.com\/ja\/wp-json\/wp\/v2\/users\/1"}],"replies":[{"embeddable":true,"href":"https:\/\/mobdia.com\/ja\/wp-json\/wp\/v2\/comments?post=860"}],"version-history":[{"count":1,"href":"https:\/\/mobdia.com\/ja\/wp-json\/wp\/v2\/pages\/860\/revisions"}],"predecessor-version":[{"id":861,"href":"https:\/\/mobdia.com\/ja\/wp-json\/wp\/v2\/pages\/860\/revisions\/861"}],"wp:attachment":[{"href":"https:\/\/mobdia.com\/ja\/wp-json\/wp\/v2\/media?parent=860"}],"curies":[{"name":"wp","href":"https:\/\/api.w.org\/{rel}","templated":true}]}}