{"id":860,"date":"2023-06-30T22:38:26","date_gmt":"2023-06-30T22:38:26","guid":{"rendered":"https:\/\/mobdia.com\/?page_id=860"},"modified":"2023-06-30T22:38:26","modified_gmt":"2023-06-30T22:38:26","slug":"termini-di-utilizzo","status":"publish","type":"page","link":"https:\/\/mobdia.com\/it\/termini-di-utilizzo\/","title":{"rendered":"Termini di utilizzo"},"content":{"rendered":"<h3 class=\"wp-block-heading\" id=\"1-termos\">1. Termini<\/h3>\n\n\n\n<p>Quando si accede al sito web\u00a0<a href=\"https:\/\/mobdia.com\/\">giornata di mafia<\/a>, accetta di rispettare i presenti termini di servizio, tutte le leggi e i regolamenti applicabili e accetta di essere responsabile del rispetto di tutte le leggi locali applicabili. Se non accetti uno qualsiasi di questi termini, ti \u00e8 proibito utilizzare o accedere a questo sito web. I materiali contenuti in questo sito sono protetti dalle leggi sul diritto d&#039;autore e sui marchi applicabili.<\/p>\n\n\n\n<h3 class=\"wp-block-heading\" id=\"2-uso-de-licenca\">2. Uso della licenza<\/h3>\n\n\n\n<p>\u00c8 concesso il permesso di scaricare temporaneamente una copia dei materiali (informazioni o software) sul sito Web di Mob Day solo per la visualizzazione transitoria personale e non commerciale. Questa \u00e8 la concessione di una licenza, non un trasferimento di propriet\u00e0, e in base a questa licenza non puoi:\u00a0<\/p>\n\n\n\n<ol class=\"wp-block-list\">\n<li>modificare o copiare i materiali;&nbsp;<\/li>\n\n\n\n<li>utilizzare i materiali per qualsiasi scopo commerciale o per esposizione pubblica (commerciale o non commerciale);&nbsp;<\/li>\n\n\n\n<li>tentare di decompilare o decodificare qualsiasi software contenuto nel sito Web di Mob Dia;\u00a0<\/li>\n\n\n\n<li>rimuovere qualsiasi copyright o altre notazioni proprietarie dai materiali; O&nbsp;<\/li>\n\n\n\n<li>trasferire i materiali a un&#039;altra persona o eseguire il &quot;mirror&quot; dei materiali su qualsiasi altro server.<\/li>\n<\/ol>\n\n\n\n<p>Questa licenza terminer\u00e0 automaticamente in caso di violazione di una qualsiasi di queste restrizioni e pu\u00f2 essere risolta da Mob Dia in qualsiasi momento. Al termine della visualizzazione di questi materiali o alla cessazione di questa licenza, \u00e8 necessario eliminare tutti i materiali scaricati in proprio possesso, sia in formato elettronico che cartaceo.<\/p>\n\n\n\n<h3 class=\"wp-block-heading\" id=\"3-isencao-de-responsabilidade\">3. Dichiarazione di non responsabilit\u00e0<\/h3>\n\n\n\n<ol class=\"wp-block-list\">\n<li>I materiali sul sito web di Mob Day sono forniti &quot;cos\u00ec come sono&quot;. Mob dia non fornisce alcuna garanzia, espressa o implicita, e con la presente declina e declina tutte le altre garanzie, incluse, a titolo esemplificativo, garanzie implicite o condizioni di commerciabilit\u00e0, idoneit\u00e0 per uno scopo particolare o non violazione della propriet\u00e0 intellettuale o altra violazione dei diritti. .<\/li>\n\n\n\n<li>Inoltre, Mob dia non garantisce n\u00e9 rilascia alcuna dichiarazione in merito all&#039;accuratezza, ai risultati probabili o all&#039;affidabilit\u00e0 dell&#039;uso dei materiali sul proprio sito Web o altrimenti correlati a questi materiali o ai siti Web collegati a questo sito Web.<\/li>\n<\/ol>\n\n\n\n<h3 class=\"wp-block-heading\" id=\"4-limitacoes\">4. Limitazioni<\/h3>\n\n\n\n<p>In nessun caso Mobdia o i suoi fornitori saranno responsabili per eventuali danni (inclusi, a titolo esemplificativo, danni per perdita di dati o profitti o per interruzione dell&#039;attivit\u00e0) derivanti dall&#039;uso o dall&#039;impossibilit\u00e0 di utilizzare i materiali su Mobdia, anche se Mobdia o un rappresentante autorizzato di Mobdia \u00e8 stato informato oralmente o per iscritto della possibilit\u00e0 di tali danni. Poich\u00e9 alcune giurisdizioni non consentono limitazioni alle garanzie implicite o limitazioni alla responsabilit\u00e0 per danni consequenziali o incidentali, tali limitazioni potrebbero non essere applicabili all&#039;utente.<\/p>\n\n\n\n<h3 class=\"wp-block-heading\" id=\"5-precisao-dos-materiais\">5. Precisione dei materiali<\/h3>\n\n\n\n<p>I materiali che appaiono sul sito Web di Mob dia potrebbero includere errori tecnici, tipografici o fotografici. Mob Day non garantisce che nessuno dei materiali sul suo sito Web sia accurato, completo o aggiornato. Mob Day pu\u00f2 apportare modifiche ai materiali contenuti nel proprio sito Web in qualsiasi momento senza preavviso. Plumber Mob, tuttavia, non si impegna ad aggiornare i materiali.<\/p>\n\n\n\n<h3 class=\"wp-block-heading\" id=\"6-links\">6. Collegamenti<\/h3>\n\n\n\n<p>Mob dia non ha esaminato tutti i siti collegati al suo sito Web e non \u00e8 responsabile per i contenuti di tali siti collegati. L&#039;inclusione di qualsiasi collegamento non implica l&#039;approvazione da parte di Mob Day del sito. L&#039;uso di qualsiasi sito collegato \u00e8 a rischio dell&#039;utente.<\/p>\n\n\n\n<h3 class=\"wp-block-heading\" id=\"modificacoes\">Modifiche<\/h3>\n\n\n\n<p>Mob Dia pu\u00f2 rivedere questi termini di servizio per il proprio sito Web in qualsiasi momento senza preavviso. Utilizzando questo sito Web, accetti di essere vincolato dalla versione corrente di questi termini di servizio.<\/p>\n\n\n\n<h3 class=\"wp-block-heading\" id=\"lei-aplicavel\">Legge applicabile<\/h3>\n\n\n\n<p>Questi termini e condizioni sono regolati e interpretati in conformit\u00e0 con le leggi della Mob dia e l&#039;utente si sottomette irrevocabilmente alla giurisdizione esclusiva dei tribunali di quello stato o localit\u00e0.<\/p>","protected":false},"excerpt":{"rendered":"<p>1. Termos Ao acessar ao site\u00a0Mob Dia, concorda em cumprir estes termos de servi\u00e7o, todas as leis e regulamentos aplic\u00e1veis \u200b\u200be concorda que \u00e9 respons\u00e1vel pelo cumprimento de todas as leis locais aplic\u00e1veis. Se voc\u00ea n\u00e3o concordar com algum desses termos, est\u00e1 proibido de usar ou acessar este site. Os materiais contidos neste site s\u00e3o [&hellip;]<\/p>","protected":false},"author":1,"featured_media":0,"parent":0,"menu_order":0,"comment_status":"closed","ping_status":"closed","template":"","meta":{"footnotes":""},"class_list":["post-860","page","type-page","status-publish"],"_links":{"self":[{"href":"https:\/\/mobdia.com\/it\/wp-json\/wp\/v2\/pages\/860","targetHints":{"allow":["GET"]}}],"collection":[{"href":"https:\/\/mobdia.com\/it\/wp-json\/wp\/v2\/pages"}],"about":[{"href":"https:\/\/mobdia.com\/it\/wp-json\/wp\/v2\/types\/page"}],"author":[{"embeddable":true,"href":"https:\/\/mobdia.com\/it\/wp-json\/wp\/v2\/users\/1"}],"replies":[{"embeddable":true,"href":"https:\/\/mobdia.com\/it\/wp-json\/wp\/v2\/comments?post=860"}],"version-history":[{"count":1,"href":"https:\/\/mobdia.com\/it\/wp-json\/wp\/v2\/pages\/860\/revisions"}],"predecessor-version":[{"id":861,"href":"https:\/\/mobdia.com\/it\/wp-json\/wp\/v2\/pages\/860\/revisions\/861"}],"wp:attachment":[{"href":"https:\/\/mobdia.com\/it\/wp-json\/wp\/v2\/media?parent=860"}],"curies":[{"name":"wp","href":"https:\/\/api.w.org\/{rel}","templated":true}]}}