{"id":858,"date":"2023-06-30T22:35:40","date_gmt":"2023-06-30T22:35:40","guid":{"rendered":"https:\/\/mobdia.com\/?page_id=858"},"modified":"2023-06-30T22:35:40","modified_gmt":"2023-06-30T22:35:40","slug":"politica-sulla-riservatezza","status":"publish","type":"page","link":"https:\/\/mobdia.com\/it\/politica-sulla-riservatezza\/","title":{"rendered":"politica sulla riservatezza"},"content":{"rendered":"<p>Quando si accede al sito web\u00a0<a href=\"https:\/\/dicastutorial.com\/\">mobdia<\/a>, accetta di rispettare i presenti termini di servizio, tutte le leggi e i regolamenti applicabili e accetta di essere responsabile del rispetto di tutte le leggi locali applicabili. Se non accetti uno qualsiasi di questi termini, ti \u00e8 proibito utilizzare o accedere a questo sito web. I materiali contenuti in questo sito sono protetti dalle leggi sul diritto d&#039;autore e sui marchi applicabili.<\/p>\n\n\n\n<h3 class=\"wp-block-heading\">Pubblicit\u00e0 personalizzata<\/h3>\n\n\n\n<p>Gli utenti possono disattivare la pubblicit\u00e0 personalizzata accedendo al <a href=\"https:\/\/adssettings.google.com\/authenticated\">Impostazioni degli annunci<\/a>. In alternativa, puoi indirizzare gli utenti ad accedere al sito <a href=\"https:\/\/optout.aboutads.info\/?c=2&amp;lang=ES\">www.aboutads.info<\/a> disabilitare l&#039;uso dei cookie pubblicitari personalizzati di terze parti.<\/p>\n\n\n\n<h3 class=\"wp-block-heading\" id=\"2-uso-de-licenca\">2. Uso della licenza<\/h3>\n\n\n\n<p>\u00c8 concesso il permesso di scaricare temporaneamente una copia dei materiali (informazioni o software) sul sito web di Tips Tutorial solo per la visualizzazione transitoria personale e non commerciale. Questa \u00e8 la concessione di una licenza, non un trasferimento di titolo, e con questa licenza non puoi:&nbsp;<\/p>\n\n\n\n<ol class=\"wp-block-list\">\n<li>modificare o copiare i materiali;&nbsp;<\/li>\n\n\n\n<li>utilizzare i materiali per qualsiasi scopo commerciale o per esposizione pubblica (commerciale o non commerciale);&nbsp;<\/li>\n\n\n\n<li>tentare di decompilare o decodificare qualsiasi software contenuto nel sito web Tips Tutorial;&nbsp;<\/li>\n\n\n\n<li>rimuovere qualsiasi copyright o altre notazioni proprietarie dai materiali; O&nbsp;<\/li>\n\n\n\n<li>trasferire i materiali a un&#039;altra persona o eseguire il &quot;mirror&quot; dei materiali su qualsiasi altro server.<\/li>\n<\/ol>\n\n\n\n<p>Questa licenza verr\u00e0 automaticamente interrotta in caso di violazione di una qualsiasi di queste restrizioni e potrebbe essere interrotta da Tips Tutorial in qualsiasi momento. Una volta cessata la visualizzazione di questi materiali o al termine della presente licenza, \u00e8 necessario eliminare tutti i materiali scaricati in proprio possesso, sia in formato elettronico che stampato.<\/p>\n\n\n\n<h3 class=\"wp-block-heading\" id=\"3-isencao-de-responsabilidade\">3. Dichiarazione di non responsabilit\u00e0<\/h3>\n\n\n\n<ol class=\"wp-block-list\">\n<li>I materiali sul sito web Tips Tutorial sono forniti &quot;cos\u00ec come sono&quot;. Tips Tutorial non fornisce alcuna garanzia, espressa o implicita, e con la presente esclude e esclude tutte le altre garanzie, incluse, senza limitazioni, garanzie implicite o condizioni di commerciabilit\u00e0, idoneit\u00e0 per uno scopo particolare o non violazione della propriet\u00e0 intellettuale o altra violazione dei diritti. .<\/li>\n\n\n\n<li>Inoltre, Tips Tutorial non garantisce n\u00e9 rilascia alcuna dichiarazione in merito all&#039;accuratezza, ai probabili risultati o all&#039;affidabilit\u00e0 dell&#039;uso dei materiali sul proprio sito Web o altrimenti correlati a questi materiali o sui siti Web collegati a questo sito Web.<\/li>\n<\/ol>\n\n\n\n<h3 class=\"wp-block-heading\" id=\"4-limitacoes\">4. Limitazioni<\/h3>\n\n\n\n<p>In nessun caso Tips Tutorial o i suoi fornitori saranno responsabili per eventuali danni (inclusi, senza limitazione, danni per perdita di dati o profitti o dovuti a interruzione dell&#039;attivit\u00e0) derivanti dall&#039;uso o dall&#039;impossibilit\u00e0 di utilizzare i materiali di Tips Tutorial , anche se Tips Tutorial o un rappresentante autorizzato di Tips Tutorial \u00e8 stato informato oralmente o per iscritto della possibilit\u00e0 di tali danni. Poich\u00e9 alcune giurisdizioni non consentono limitazioni sulle garanzie implicite o limitazioni sulla responsabilit\u00e0 per danni consequenziali o incidentali, tali limitazioni potrebbero non applicarsi all&#039;utente.<\/p>\n\n\n\n<h3 class=\"wp-block-heading\" id=\"5-precisao-dos-materiais\">5. Precisione dei materiali<\/h3>\n\n\n\n<p>I materiali visualizzati sul sito web di Tips Tutorial potrebbero contenere errori tecnici, tipografici o fotografici. Tips Tutorial non garantisce che i materiali presenti sul proprio sito Web siano accurati, completi o aggiornati. Tips Tutorial pu\u00f2 apportare modifiche ai materiali contenuti nel proprio sito web in qualsiasi momento e senza preavviso. Tuttavia Tutorial Tips non si impegna ad aggiornare i materiali.<\/p>\n\n\n\n<h3 class=\"wp-block-heading\" id=\"6-links\">6. Collegamenti<\/h3>\n\n\n\n<p>Tips Tutorial non ha esaminato tutti i siti collegati al suo sito e non \u00e8 responsabile del contenuto di tali siti collegati. L&#039;inclusione di qualsiasi collegamento non implica l&#039;approvazione da parte di Tips Tutorial del sito. L&#039;utilizzo di qualsiasi sito collegato \u00e8 a rischio e pericolo dell&#039;utente.<\/p>\n\n\n\n<h3 class=\"wp-block-heading\" id=\"modificacoes\">Modifiche<\/h3>\n\n\n\n<p>Tips Tutorial pu\u00f2 modificare i presenti termini di servizio per il proprio sito Web in qualsiasi momento senza preavviso. Utilizzando questo sito Web, accetti di essere vincolato dalla versione corrente di questi termini di servizio.<\/p>\n\n\n\n<h3 class=\"wp-block-heading\" id=\"lei-aplicavel\">Legge applicabile<\/h3>\n\n\n\n<p>Questi termini e condizioni sono regolati e interpretati in conformit\u00e0 con le leggi di Tips Tutorial e ti sottoponi irrevocabilmente alla giurisdizione esclusiva dei tribunali in quello stato o localit\u00e0.<\/p>","protected":false},"excerpt":{"rendered":"<p>Ao acessar ao site\u00a0mobdia, concorda em cumprir estes termos de servi\u00e7o, todas as leis e regulamentos aplic\u00e1veis \u200b\u200be concorda que \u00e9 respons\u00e1vel pelo cumprimento de todas as leis locais aplic\u00e1veis. Se voc\u00ea n\u00e3o concordar com algum desses termos, est\u00e1 proibido de usar ou acessar este site. Os materiais contidos neste site s\u00e3o protegidos pelas leis [&hellip;]<\/p>","protected":false},"author":1,"featured_media":0,"parent":0,"menu_order":0,"comment_status":"closed","ping_status":"closed","template":"","meta":{"footnotes":""},"class_list":["post-858","page","type-page","status-publish"],"_links":{"self":[{"href":"https:\/\/mobdia.com\/it\/wp-json\/wp\/v2\/pages\/858","targetHints":{"allow":["GET"]}}],"collection":[{"href":"https:\/\/mobdia.com\/it\/wp-json\/wp\/v2\/pages"}],"about":[{"href":"https:\/\/mobdia.com\/it\/wp-json\/wp\/v2\/types\/page"}],"author":[{"embeddable":true,"href":"https:\/\/mobdia.com\/it\/wp-json\/wp\/v2\/users\/1"}],"replies":[{"embeddable":true,"href":"https:\/\/mobdia.com\/it\/wp-json\/wp\/v2\/comments?post=858"}],"version-history":[{"count":1,"href":"https:\/\/mobdia.com\/it\/wp-json\/wp\/v2\/pages\/858\/revisions"}],"predecessor-version":[{"id":859,"href":"https:\/\/mobdia.com\/it\/wp-json\/wp\/v2\/pages\/858\/revisions\/859"}],"wp:attachment":[{"href":"https:\/\/mobdia.com\/it\/wp-json\/wp\/v2\/media?parent=858"}],"curies":[{"name":"wp","href":"https:\/\/api.w.org\/{rel}","templated":true}]}}