{"id":858,"date":"2023-06-30T22:35:40","date_gmt":"2023-06-30T22:35:40","guid":{"rendered":"https:\/\/mobdia.com\/?page_id=858"},"modified":"2023-06-30T22:35:40","modified_gmt":"2023-06-30T22:35:40","slug":"politique-de-confidentialite","status":"publish","type":"page","link":"https:\/\/mobdia.com\/fr\/politique-de-confidentialite\/","title":{"rendered":"politique de confidentialit\u00e9"},"content":{"rendered":"<p>Lors de l&#039;acc\u00e8s au site\u00a0<a href=\"https:\/\/dicastutorial.com\/\">mobdia<\/a>, acceptez de vous conformer aux pr\u00e9sentes conditions d&#039;utilisation, \u00e0 toutes les lois et r\u00e9glementations applicables, et convenez que vous \u00eates responsable du respect de toutes les lois locales applicables. Si vous n&#039;acceptez pas l&#039;une de ces conditions, il vous est interdit d&#039;utiliser ou d&#039;acc\u00e9der \u00e0 ce site Web. Le mat\u00e9riel contenu sur ce site est prot\u00e9g\u00e9 par les lois applicables sur le droit d&#039;auteur et les marques de commerce.<\/p>\n\n\n\n<h3 class=\"wp-block-heading\">Publicit\u00e9 personnalis\u00e9e<\/h3>\n\n\n\n<p>Les utilisateurs peuvent d\u00e9sactiver la publicit\u00e9 personnalis\u00e9e en acc\u00e9dant au <a href=\"https:\/\/adssettings.google.com\/authenticated\">Param\u00e8tres des annonces<\/a>. Alternativement, vous pouvez diriger les utilisateurs pour acc\u00e9der au site <a href=\"https:\/\/optout.aboutads.info\/?c=2&amp;lang=ES\">www.aboutads.info<\/a> pour d\u00e9sactiver l&#039;utilisation de cookies publicitaires personnalis\u00e9s tiers.<\/p>\n\n\n\n<h3 class=\"wp-block-heading\" id=\"2-uso-de-licenca\">2. Utilisation de la licence<\/h3>\n\n\n\n<p>La permission est accord\u00e9e de t\u00e9l\u00e9charger temporairement une copie du mat\u00e9riel (information ou logiciel) sur le site Web de Tips Tutorial pour une visualisation transitoire personnelle et non commerciale uniquement. Il s&#039;agit de l&#039;octroi d&#039;une licence, et non d&#039;un transfert de titre, et en vertu de cette licence, vous ne pouvez pas\u00a0:&nbsp;<\/p>\n\n\n\n<ol class=\"wp-block-list\">\n<li>modifier ou copier le mat\u00e9riel\u00a0;&nbsp;<\/li>\n\n\n\n<li>utiliser le mat\u00e9riel \u00e0 des fins commerciales ou pour une pr\u00e9sentation publique (commerciale ou non commerciale)\u00a0;&nbsp;<\/li>\n\n\n\n<li>tenter de d\u00e9compiler ou de d\u00e9sosser tout logiciel contenu sur le site Web Tips Tutorial\u00a0;&nbsp;<\/li>\n\n\n\n<li>supprimer tout droit d&#039;auteur ou autres mentions de propri\u00e9t\u00e9 des documents\u00a0; ou&nbsp;<\/li>\n\n\n\n<li>transf\u00e9rer le mat\u00e9riel \u00e0 une autre personne ou \u00ab refl\u00e9ter \u00bb le mat\u00e9riel sur tout autre serveur.<\/li>\n<\/ol>\n\n\n\n<p>Cette licence sera automatiquement r\u00e9sili\u00e9e si vous violez l&#039;une de ces restrictions et peut \u00eatre r\u00e9sili\u00e9e par Tips Tutorial \u00e0 tout moment. En cessant de consulter ces documents ou \u00e0 la r\u00e9siliation de cette licence, vous devez supprimer tous les documents t\u00e9l\u00e9charg\u00e9s en votre possession, qu&#039;ils soient sous forme \u00e9lectronique ou imprim\u00e9e.<\/p>\n\n\n\n<h3 class=\"wp-block-heading\" id=\"3-isencao-de-responsabilidade\">3. Clause de non-responsabilit\u00e9<\/h3>\n\n\n\n<ol class=\"wp-block-list\">\n<li>Le mat\u00e9riel sur le site Web du tutoriel de conseils est fourni &quot;tel quel&quot;. Tips Tutorial n&#039;offre aucune garantie, expresse ou implicite, et d\u00e9cline par la pr\u00e9sente toute autre garantie, y compris, sans s&#039;y limiter, les garanties ou conditions implicites de qualit\u00e9 marchande, d&#039;ad\u00e9quation \u00e0 un usage particulier ou de non-violation de la propri\u00e9t\u00e9 intellectuelle ou autre violation des droits .<\/li>\n\n\n\n<li>De plus, Tips Tutorial ne garantit ni ne fait aucune d\u00e9claration concernant l&#039;exactitude, les r\u00e9sultats probables ou la fiabilit\u00e9 de l&#039;utilisation du mat\u00e9riel sur son site Web ou autrement li\u00e9 \u00e0 ce mat\u00e9riel ou sur des sites Web li\u00e9s \u00e0 ce site Web.<\/li>\n<\/ol>\n\n\n\n<h3 class=\"wp-block-heading\" id=\"4-limitacoes\">4. Limites<\/h3>\n\n\n\n<p>En aucun cas Tips Tutorial ou ses fournisseurs ne seront responsables de tout dommage (y compris, sans s&#039;y limiter, les dommages pour perte de donn\u00e9es ou de profit ou en raison d&#039;une interruption d&#039;activit\u00e9) r\u00e9sultant de l&#039;utilisation ou de l&#039;impossibilit\u00e9 d&#039;utiliser le mat\u00e9riel de Tips Tutorial , m\u00eame si Tips Tutorial ou un repr\u00e9sentant autoris\u00e9 de Tips Tutorial a \u00e9t\u00e9 inform\u00e9 oralement ou par \u00e9crit de la possibilit\u00e9 de tels dommages. \u00c9tant donn\u00e9 que certaines juridictions n&#039;autorisent pas les limitations de garanties implicites ou les limitations de responsabilit\u00e9 pour les dommages cons\u00e9cutifs ou accessoires, ces limitations peuvent ne pas s&#039;appliquer \u00e0 vous.<\/p>\n\n\n\n<h3 class=\"wp-block-heading\" id=\"5-precisao-dos-materiais\">5. Pr\u00e9cision des mat\u00e9riaux<\/h3>\n\n\n\n<p>Le mat\u00e9riel apparaissant sur le site Web de Tips Tutorial peut contenir des erreurs techniques, typographiques ou photographiques. Tips Tutorial ne garantit pas que les \u00e9l\u00e9ments de son site Web sont exacts, complets ou \u00e0 jour. Tutorial Tips peut apporter des modifications aux \u00e9l\u00e9ments contenus sur son site Web \u00e0 tout moment et sans pr\u00e9avis. Cependant, Tutorial Tips ne s&#039;engage pas \u00e0 mettre \u00e0 jour le mat\u00e9riel.<\/p>\n\n\n\n<h3 class=\"wp-block-heading\" id=\"6-links\">6. Liens<\/h3>\n\n\n\n<p>Tips Tutorial n&#039;a pas examin\u00e9 tous les sites li\u00e9s \u00e0 son site et n&#039;est pas responsable du contenu de ces sites li\u00e9s. L&#039;inclusion de tout lien n&#039;implique pas l&#039;approbation par Tips Tutorial du site. L&#039;utilisation de tout site li\u00e9 est aux risques et p\u00e9rils de l&#039;utilisateur.<\/p>\n\n\n\n<h3 class=\"wp-block-heading\" id=\"modificacoes\">Modifications<\/h3>\n\n\n\n<p>Tips Tutorial peut r\u00e9viser ces conditions d&#039;utilisation de son site Web \u00e0 tout moment et sans pr\u00e9avis. En utilisant ce site Web, vous acceptez d&#039;\u00eatre li\u00e9 par la version actuelle de ces conditions d&#039;utilisation.<\/p>\n\n\n\n<h3 class=\"wp-block-heading\" id=\"lei-aplicavel\">Loi applicable<\/h3>\n\n\n\n<p>Ces termes et conditions sont r\u00e9gis et interpr\u00e9t\u00e9s conform\u00e9ment aux lois de Tips Tutorial et vous vous soumettez irr\u00e9vocablement \u00e0 la juridiction exclusive des tribunaux de cet \u00e9tat ou de cette localit\u00e9.<\/p>","protected":false},"excerpt":{"rendered":"<p>Ao acessar ao site\u00a0mobdia, concorda em cumprir estes termos de servi\u00e7o, todas as leis e regulamentos aplic\u00e1veis \u200b\u200be concorda que \u00e9 respons\u00e1vel pelo cumprimento de todas as leis locais aplic\u00e1veis. Se voc\u00ea n\u00e3o concordar com algum desses termos, est\u00e1 proibido de usar ou acessar este site. Os materiais contidos neste site s\u00e3o protegidos pelas leis [&hellip;]<\/p>","protected":false},"author":1,"featured_media":0,"parent":0,"menu_order":0,"comment_status":"closed","ping_status":"closed","template":"","meta":{"footnotes":""},"class_list":["post-858","page","type-page","status-publish"],"_links":{"self":[{"href":"https:\/\/mobdia.com\/fr\/wp-json\/wp\/v2\/pages\/858","targetHints":{"allow":["GET"]}}],"collection":[{"href":"https:\/\/mobdia.com\/fr\/wp-json\/wp\/v2\/pages"}],"about":[{"href":"https:\/\/mobdia.com\/fr\/wp-json\/wp\/v2\/types\/page"}],"author":[{"embeddable":true,"href":"https:\/\/mobdia.com\/fr\/wp-json\/wp\/v2\/users\/1"}],"replies":[{"embeddable":true,"href":"https:\/\/mobdia.com\/fr\/wp-json\/wp\/v2\/comments?post=858"}],"version-history":[{"count":1,"href":"https:\/\/mobdia.com\/fr\/wp-json\/wp\/v2\/pages\/858\/revisions"}],"predecessor-version":[{"id":859,"href":"https:\/\/mobdia.com\/fr\/wp-json\/wp\/v2\/pages\/858\/revisions\/859"}],"wp:attachment":[{"href":"https:\/\/mobdia.com\/fr\/wp-json\/wp\/v2\/media?parent=858"}],"curies":[{"name":"wp","href":"https:\/\/api.w.org\/{rel}","templated":true}]}}