{"id":860,"date":"2023-06-30T22:38:26","date_gmt":"2023-06-30T22:38:26","guid":{"rendered":"https:\/\/mobdia.com\/?page_id=860"},"modified":"2023-06-30T22:38:26","modified_gmt":"2023-06-30T22:38:26","slug":"nutzungsbedingungen","status":"publish","type":"page","link":"https:\/\/mobdia.com\/de\/nutzungsbedingungen\/","title":{"rendered":"Nutzungsbedingungen"},"content":{"rendered":"<h3 class=\"wp-block-heading\" id=\"1-termos\">1. Bedingungen<\/h3>\n\n\n\n<p>Beim Zugriff auf die Website\u00a0<a href=\"https:\/\/mobdia.com\/\">Mob-Tag<\/a>, erkl\u00e4ren Sie sich damit einverstanden, diese Nutzungsbedingungen sowie alle geltenden Gesetze und Vorschriften einzuhalten und stimmen zu, dass Sie f\u00fcr die Einhaltung aller geltenden lokalen Gesetze verantwortlich sind. Wenn Sie mit einer dieser Bedingungen nicht einverstanden sind, ist Ihnen die Nutzung oder der Zugriff auf diese Website untersagt. Die auf dieser Website enthaltenen Materialien sind durch geltende Urheberrechts- und Markengesetze gesch\u00fctzt.<\/p>\n\n\n\n<h3 class=\"wp-block-heading\" id=\"2-uso-de-licenca\">2. Lizenznutzung<\/h3>\n\n\n\n<p>Es wird die Erlaubnis erteilt, vor\u00fcbergehend eine Kopie der Materialien (Informationen oder Software) auf der Website von Mob dia herunterzuladen, um sie ausschlie\u00dflich f\u00fcr den pers\u00f6nlichen, nichtkommerziellen vor\u00fcbergehenden Gebrauch anzusehen. Hierbei handelt es sich um die Gew\u00e4hrung einer Lizenz, nicht um eine Eigentums\u00fcbertragung, und im Rahmen dieser Lizenz ist es Ihnen nicht gestattet:\u00a0<\/p>\n\n\n\n<ol class=\"wp-block-list\">\n<li>die Materialien \u00e4ndern oder kopieren;&nbsp;<\/li>\n\n\n\n<li>die Materialien f\u00fcr kommerzielle Zwecke oder zur \u00f6ffentlichen Darstellung (kommerziell oder nichtkommerziell) verwenden;&nbsp;<\/li>\n\n\n\n<li>Versuchen Sie, die auf der Mobdia-Website enthaltene Software zu dekompilieren oder zur\u00fcckzuentwickeln.\u00a0<\/li>\n\n\n\n<li>jegliche Urheberrechts- oder andere Eigentumsvermerke aus den Materialien entfernen; oder&nbsp;<\/li>\n\n\n\n<li>die Materialien an eine andere Person \u00fcbertragen oder die Materialien auf einem anderen Server \u201espiegeln\u201c.<\/li>\n<\/ol>\n\n\n\n<p>Diese Lizenz erlischt automatisch, wenn Sie gegen eine dieser Einschr\u00e4nkungen versto\u00dfen, und kann von Mobdia jederzeit gek\u00fcndigt werden. Wenn Sie die Anzeige dieser Materialien oder die Beendigung dieser Lizenz beenden, m\u00fcssen Sie alle in Ihrem Besitz befindlichen heruntergeladenen Materialien l\u00f6schen, sei es in elektronischer oder gedruckter Form.<\/p>\n\n\n\n<h3 class=\"wp-block-heading\" id=\"3-isencao-de-responsabilidade\">3. Haftungsausschluss<\/h3>\n\n\n\n<ol class=\"wp-block-list\">\n<li>Die Materialien auf der Website von Mob Dia werden im Ist-Zustand bereitgestellt. Mob Dia \u00fcbernimmt keine Garantien, weder ausdr\u00fccklich noch stillschweigend, und lehnt hiermit alle anderen Garantien ab, einschlie\u00dflich, aber nicht beschr\u00e4nkt auf stillschweigende Garantien oder Bedingungen der Marktg\u00e4ngigkeit, der Eignung f\u00fcr einen bestimmten Zweck oder der Nichtverletzung von geistigem Eigentum oder anderer Rechtsverletzungen.<\/li>\n\n\n\n<li>Dar\u00fcber hinaus \u00fcbernimmt Mob Dia keine Gew\u00e4hrleistung oder Zusicherung hinsichtlich der Genauigkeit, der wahrscheinlichen Ergebnisse oder der Zuverl\u00e4ssigkeit der Verwendung der Materialien auf seiner Website oder anderweitig im Zusammenhang mit solchen Materialien oder auf mit dieser Website verlinkten Websites.<\/li>\n<\/ol>\n\n\n\n<h3 class=\"wp-block-heading\" id=\"4-limitacoes\">4. Einschr\u00e4nkungen<\/h3>\n\n\n\n<p>In keinem Fall haften Mobdia oder seine Lieferanten f\u00fcr Sch\u00e4den (einschlie\u00dflich, aber nicht beschr\u00e4nkt auf Sch\u00e4den aus Daten- oder Gewinnverlust oder aufgrund von Betriebsunterbrechungen), die sich aus der Nutzung oder der Unm\u00f6glichkeit der Nutzung der Materialien auf Mobdia ergeben wenn Mob dia oder ein von Mob dia autorisierter Vertreter m\u00fcndlich oder schriftlich auf die M\u00f6glichkeit solcher Sch\u00e4den hingewiesen wurde. Da in einigen Gerichtsbarkeiten keine Beschr\u00e4nkungen stillschweigender Garantien oder Haftungsbeschr\u00e4nkungen f\u00fcr Folge- oder Nebensch\u00e4den zul\u00e4ssig sind, gelten diese Beschr\u00e4nkungen m\u00f6glicherweise nicht f\u00fcr Sie.<\/p>\n\n\n\n<h3 class=\"wp-block-heading\" id=\"5-precisao-dos-materiais\">5. Pr\u00e4zision der Materialien<\/h3>\n\n\n\n<p>Die auf der Website von Mob Dia erscheinenden Materialien k\u00f6nnen technische, typografische oder fotografische Fehler enthalten. Mob Dia \u00fcbernimmt keine Garantie daf\u00fcr, dass die Materialien auf ihrer Website korrekt, vollst\u00e4ndig oder aktuell sind. Mob Dia kann jederzeit und ohne Vorank\u00fcndigung \u00c4nderungen an den auf seiner Website enthaltenen Materialien vornehmen. Mobdia \u00fcbernimmt jedoch keine Verpflichtung, die Materialien zu aktualisieren.<\/p>\n\n\n\n<h3 class=\"wp-block-heading\" id=\"6-links\">6. Links<\/h3>\n\n\n\n<p>Mob Dia hat nicht alle mit seiner Website verlinkten Seiten \u00fcberpr\u00fcft und ist nicht f\u00fcr den Inhalt der verlinkten Seiten verantwortlich. Die Aufnahme eines Links bedeutet nicht, dass Mob Dia die Website bef\u00fcrwortet. Die Nutzung der verlinkten Seiten erfolgt auf eigene Gefahr des Nutzers.<\/p>\n\n\n\n<h3 class=\"wp-block-heading\" id=\"modificacoes\">\u00c4nderungen<\/h3>\n\n\n\n<p>Mob Dia kann diese Nutzungsbedingungen f\u00fcr seine Website jederzeit und ohne Vorank\u00fcndigung \u00e4ndern. Durch die Nutzung dieser Website erkl\u00e4ren Sie sich mit der aktuellen Version dieser Nutzungsbedingungen einverstanden.<\/p>\n\n\n\n<h3 class=\"wp-block-heading\" id=\"lei-aplicavel\">Anwendbares Recht<\/h3>\n\n\n\n<p>Diese Allgemeinen Gesch\u00e4ftsbedingungen unterliegen den Gesetzen von Mob Dia und werden in \u00dcbereinstimmung mit diesen ausgelegt. Sie unterwerfen sich unwiderruflich der ausschlie\u00dflichen Zust\u00e4ndigkeit der Gerichte in diesem Staat oder Standort.<\/p>","protected":false},"excerpt":{"rendered":"<p>1. Termos Ao acessar ao site\u00a0Mob Dia, concorda em cumprir estes termos de servi\u00e7o, todas as leis e regulamentos aplic\u00e1veis \u200b\u200be concorda que \u00e9 respons\u00e1vel pelo cumprimento de todas as leis locais aplic\u00e1veis. Se voc\u00ea n\u00e3o concordar com algum desses termos, est\u00e1 proibido de usar ou acessar este site. Os materiais contidos neste site s\u00e3o [&hellip;]<\/p>","protected":false},"author":1,"featured_media":0,"parent":0,"menu_order":0,"comment_status":"closed","ping_status":"closed","template":"","meta":{"footnotes":""},"class_list":["post-860","page","type-page","status-publish"],"_links":{"self":[{"href":"https:\/\/mobdia.com\/de\/wp-json\/wp\/v2\/pages\/860","targetHints":{"allow":["GET"]}}],"collection":[{"href":"https:\/\/mobdia.com\/de\/wp-json\/wp\/v2\/pages"}],"about":[{"href":"https:\/\/mobdia.com\/de\/wp-json\/wp\/v2\/types\/page"}],"author":[{"embeddable":true,"href":"https:\/\/mobdia.com\/de\/wp-json\/wp\/v2\/users\/1"}],"replies":[{"embeddable":true,"href":"https:\/\/mobdia.com\/de\/wp-json\/wp\/v2\/comments?post=860"}],"version-history":[{"count":1,"href":"https:\/\/mobdia.com\/de\/wp-json\/wp\/v2\/pages\/860\/revisions"}],"predecessor-version":[{"id":861,"href":"https:\/\/mobdia.com\/de\/wp-json\/wp\/v2\/pages\/860\/revisions\/861"}],"wp:attachment":[{"href":"https:\/\/mobdia.com\/de\/wp-json\/wp\/v2\/media?parent=860"}],"curies":[{"name":"wp","href":"https:\/\/api.w.org\/{rel}","templated":true}]}}