{"id":860,"date":"2023-06-30T22:38:26","date_gmt":"2023-06-30T22:38:26","guid":{"rendered":"https:\/\/mobdia.com\/?page_id=860"},"modified":"2023-06-30T22:38:26","modified_gmt":"2023-06-30T22:38:26","slug":"podminky-pouziti","status":"publish","type":"page","link":"https:\/\/mobdia.com\/cs\/podminky-pouziti\/","title":{"rendered":"Podm\u00ednky pou\u017eit\u00ed"},"content":{"rendered":"<h3 class=\"wp-block-heading\" id=\"1-termos\">1. Podm\u00ednky<\/h3>\n\n\n\n<p>P\u0159i p\u0159\u00edstupu na web\u00a0<a href=\"https:\/\/mobdia.com\/\">mafi\u00e1nsk\u00fd den<\/a>souhlas\u00edte s dodr\u017eov\u00e1n\u00edm t\u011bchto podm\u00ednek slu\u017eby, v\u0161ech p\u0159\u00edslu\u0161n\u00fdch z\u00e1kon\u016f a p\u0159edpis\u016f a souhlas\u00edte s t\u00edm, \u017ee odpov\u00edd\u00e1te za dodr\u017eov\u00e1n\u00ed v\u0161ech p\u0159\u00edslu\u0161n\u00fdch m\u00edstn\u00edch z\u00e1kon\u016f. Pokud s n\u011bkterou z t\u011bchto podm\u00ednek nesouhlas\u00edte, je v\u00e1m zak\u00e1z\u00e1no pou\u017e\u00edvat tuto webovou str\u00e1nku nebo k n\u00ed p\u0159istupovat. Materi\u00e1ly obsa\u017een\u00e9 na t\u00e9to str\u00e1nce jsou chr\u00e1n\u011bny p\u0159\u00edslu\u0161n\u00fdmi z\u00e1kony o autorsk\u00fdch pr\u00e1vech a ochrann\u00fdch zn\u00e1mk\u00e1ch.<\/p>\n\n\n\n<h3 class=\"wp-block-heading\" id=\"2-uso-de-licenca\">2. Pou\u017eit\u00ed licence<\/h3>\n\n\n\n<p>Je ud\u011bleno povolen\u00ed k do\u010dasn\u00e9mu sta\u017een\u00ed jedn\u00e9 kopie materi\u00e1l\u016f (informac\u00ed nebo softwaru) na webov\u00fdch str\u00e1nk\u00e1ch Mob Day pouze pro osobn\u00ed, nekomer\u010dn\u00ed p\u0159echodn\u00e9 prohl\u00ed\u017een\u00ed. Jedn\u00e1 se o ud\u011blen\u00ed licence, nikoli o p\u0159evod vlastnick\u00e9ho pr\u00e1va, a na z\u00e1klad\u011b t\u00e9to licence nesm\u00edte:\u00a0<\/p>\n\n\n\n<ol class=\"wp-block-list\">\n<li>upravovat nebo kop\u00edrovat materi\u00e1ly;&nbsp;<\/li>\n\n\n\n<li>pou\u017e\u00edvat materi\u00e1ly pro jak\u00fdkoli komer\u010dn\u00ed \u00fa\u010del nebo pro ve\u0159ejn\u00e9 vystaven\u00ed (komer\u010dn\u00ed nebo nekomer\u010dn\u00ed);&nbsp;<\/li>\n\n\n\n<li>pokou\u0161et se dekompilovat nebo zp\u011btn\u011b analyzovat jak\u00fdkoli software obsa\u017een\u00fd na webov\u00fdch str\u00e1nk\u00e1ch Mob Dia;\u00a0<\/li>\n\n\n\n<li>odstranit z materi\u00e1l\u016f v\u0161echna autorsk\u00e1 pr\u00e1va nebo jin\u00e9 vlastnick\u00e9 z\u00e1pisy; nebo&nbsp;<\/li>\n\n\n\n<li>p\u0159en\u00e9st materi\u00e1ly na jinou osobu nebo \u201ezrcadlit\u201c materi\u00e1ly na jak\u00fdkoli jin\u00fd server.<\/li>\n<\/ol>\n\n\n\n<p>Tato licence bude automaticky ukon\u010dena, pokud poru\u0161\u00edte kter\u00e9koli z t\u011bchto omezen\u00ed, a m\u016f\u017ee b\u00fdt spole\u010dnost\u00ed Mob Dia kdykoli ukon\u010dena. Po ukon\u010den\u00ed prohl\u00ed\u017een\u00ed t\u011bchto materi\u00e1l\u016f nebo po ukon\u010den\u00ed t\u00e9to licence mus\u00edte odstranit v\u0161echny sta\u017een\u00e9 materi\u00e1ly, kter\u00e9 m\u00e1te v dr\u017een\u00ed, a\u0165 u\u017e v elektronick\u00e9 nebo ti\u0161t\u011bn\u00e9 podob\u011b.<\/p>\n\n\n\n<h3 class=\"wp-block-heading\" id=\"3-isencao-de-responsabilidade\">3. Z\u0159eknut\u00ed se odpov\u011bdnosti<\/h3>\n\n\n\n<ol class=\"wp-block-list\">\n<li>Materi\u00e1ly na webov\u00fdch str\u00e1nk\u00e1ch Mob Day jsou poskytov\u00e1ny \u201etak, jak jsou\u201c. Mob dia neposkytuje \u017e\u00e1dn\u00e9 z\u00e1ruky, v\u00fdslovn\u00e9 ani p\u0159edpokl\u00e1dan\u00e9, a t\u00edmto odm\u00edt\u00e1 a z\u0159\u00edk\u00e1 se v\u0161ech ostatn\u00edch z\u00e1ruk, v\u010detn\u011b, bez omezen\u00ed, p\u0159edpokl\u00e1dan\u00fdch z\u00e1ruk nebo podm\u00ednek prodejnosti, vhodnosti pro ur\u010dit\u00fd \u00fa\u010del nebo neporu\u0161en\u00ed du\u0161evn\u00edho vlastnictv\u00ed nebo jin\u00e9ho poru\u0161en\u00ed pr\u00e1v. .<\/li>\n\n\n\n<li>Krom\u011b toho Mob dia nezaru\u010duje ani neposkytuje \u017e\u00e1dn\u00e1 prohl\u00e1\u0161en\u00ed t\u00fdkaj\u00edc\u00ed se p\u0159esnosti, pravd\u011bpodobn\u00fdch v\u00fdsledk\u016f nebo spolehlivosti pou\u017eit\u00ed materi\u00e1l\u016f na sv\u00fdch webov\u00fdch str\u00e1nk\u00e1ch nebo jinak souvisej\u00edc\u00edch s t\u011bmito materi\u00e1ly nebo na webov\u00fdch str\u00e1nk\u00e1ch propojen\u00fdch s touto webovou str\u00e1nkou.<\/li>\n<\/ol>\n\n\n\n<h3 class=\"wp-block-heading\" id=\"4-limitacoes\">4. Omezen\u00ed<\/h3>\n\n\n\n<p>Spole\u010dnost Mobdia ani jej\u00ed dodavatel\u00e9 v \u017e\u00e1dn\u00e9m p\u0159\u00edpad\u011b nenesou odpov\u011bdnost za jak\u00e9koli \u0161kody (v\u010detn\u011b, bez omezen\u00ed, \u0161kod za ztr\u00e1tu dat nebo zisku nebo v d\u016fsledku p\u0159eru\u0161en\u00ed podnik\u00e1n\u00ed) vypl\u00fdvaj\u00edc\u00ed z pou\u017eit\u00ed nebo nemo\u017enosti pou\u017e\u00edt materi\u00e1ly na Mobdii, a to i pokud byla spole\u010dnost Mobdia nebo jej\u00ed zplnomocn\u011bn\u00fd z\u00e1stupce \u00fastn\u011b nebo p\u00edsemn\u011b upozorn\u011bni na mo\u017enost vzniku takov\u00fdch \u0161kod. Proto\u017ee n\u011bkter\u00e9 jurisdikce neumo\u017e\u0148uj\u00ed omezen\u00ed p\u0159edpokl\u00e1dan\u00fdch z\u00e1ruk nebo omezen\u00ed odpov\u011bdnosti za n\u00e1sledn\u00e9 nebo n\u00e1hodn\u00e9 \u0161kody, nemus\u00ed se na v\u00e1s tato omezen\u00ed vztahovat.<\/p>\n\n\n\n<h3 class=\"wp-block-heading\" id=\"5-precisao-dos-materiais\">5. P\u0159esnost materi\u00e1l\u016f<\/h3>\n\n\n\n<p>Materi\u00e1ly objevuj\u00edc\u00ed se na webov\u00fdch str\u00e1nk\u00e1ch Mob dia mohou obsahovat technick\u00e9, typografick\u00e9 nebo fotografick\u00e9 chyby. Mob Day nezaru\u010duje, \u017ee n\u011bkter\u00fd z materi\u00e1l\u016f na jeho webov\u00fdch str\u00e1nk\u00e1ch je p\u0159esn\u00fd, \u00fapln\u00fd nebo aktu\u00e1ln\u00ed. Mob Day m\u016f\u017ee kdykoli bez upozorn\u011bn\u00ed prov\u00e1d\u011bt zm\u011bny v materi\u00e1lech obsa\u017een\u00fdch na sv\u00fdch webov\u00fdch str\u00e1nk\u00e1ch. Plumber Mob se v\u0161ak nezavazuje materi\u00e1ly aktualizovat.<\/p>\n\n\n\n<h3 class=\"wp-block-heading\" id=\"6-links\">6. Odkazy<\/h3>\n\n\n\n<p>Spole\u010dnost Mob dia nezkontrolovala v\u0161echny str\u00e1nky propojen\u00e9 s jej\u00edmi webov\u00fdmi str\u00e1nkami a nenese odpov\u011bdnost za obsah \u017e\u00e1dn\u00e9 takov\u00e9 str\u00e1nky. Zahrnut\u00ed jak\u00e9hokoli odkazu neznamen\u00e1 schv\u00e1len\u00ed webu ze strany Mob Day. Pou\u017e\u00edv\u00e1n\u00ed jak\u00e9koli propojen\u00e9 str\u00e1nky je na vlastn\u00ed riziko u\u017eivatele.<\/p>\n\n\n\n<h3 class=\"wp-block-heading\" id=\"modificacoes\">Modifikace<\/h3>\n\n\n\n<p>Mob Dia m\u016f\u017ee kdykoli bez upozorn\u011bn\u00ed revidovat tyto podm\u00ednky slu\u017eby pro sv\u00e9 webov\u00e9 str\u00e1nky. Pou\u017e\u00edv\u00e1n\u00edm t\u00e9to webov\u00e9 str\u00e1nky souhlas\u00edte s t\u00edm, \u017ee budete v\u00e1z\u00e1ni aktu\u00e1ln\u00ed verz\u00ed t\u011bchto podm\u00ednek slu\u017eby.<\/p>\n\n\n\n<h3 class=\"wp-block-heading\" id=\"lei-aplicavel\">Aplikovan\u00e9 pr\u00e1vo<\/h3>\n\n\n\n<p>Tyto podm\u00ednky se \u0159\u00edd\u00ed a vykl\u00e1daj\u00ed v souladu se z\u00e1kony Mob dia a vy se neodvolateln\u011b pod\u0159izujete v\u00fdhradn\u00ed jurisdikci soud\u016f v dan\u00e9m st\u00e1t\u011b nebo lokalit\u011b.<\/p>","protected":false},"excerpt":{"rendered":"<p>1. Termos Ao acessar ao site\u00a0Mob Dia, concorda em cumprir estes termos de servi\u00e7o, todas as leis e regulamentos aplic\u00e1veis \u200b\u200be concorda que \u00e9 respons\u00e1vel pelo cumprimento de todas as leis locais aplic\u00e1veis. Se voc\u00ea n\u00e3o concordar com algum desses termos, est\u00e1 proibido de usar ou acessar este site. Os materiais contidos neste site s\u00e3o [&hellip;]<\/p>","protected":false},"author":1,"featured_media":0,"parent":0,"menu_order":0,"comment_status":"closed","ping_status":"closed","template":"","meta":{"footnotes":""},"class_list":["post-860","page","type-page","status-publish"],"_links":{"self":[{"href":"https:\/\/mobdia.com\/cs\/wp-json\/wp\/v2\/pages\/860","targetHints":{"allow":["GET"]}}],"collection":[{"href":"https:\/\/mobdia.com\/cs\/wp-json\/wp\/v2\/pages"}],"about":[{"href":"https:\/\/mobdia.com\/cs\/wp-json\/wp\/v2\/types\/page"}],"author":[{"embeddable":true,"href":"https:\/\/mobdia.com\/cs\/wp-json\/wp\/v2\/users\/1"}],"replies":[{"embeddable":true,"href":"https:\/\/mobdia.com\/cs\/wp-json\/wp\/v2\/comments?post=860"}],"version-history":[{"count":1,"href":"https:\/\/mobdia.com\/cs\/wp-json\/wp\/v2\/pages\/860\/revisions"}],"predecessor-version":[{"id":861,"href":"https:\/\/mobdia.com\/cs\/wp-json\/wp\/v2\/pages\/860\/revisions\/861"}],"wp:attachment":[{"href":"https:\/\/mobdia.com\/cs\/wp-json\/wp\/v2\/media?parent=860"}],"curies":[{"name":"wp","href":"https:\/\/api.w.org\/{rel}","templated":true}]}}